{"id":1210,"date":"2024-03-20T07:48:41","date_gmt":"2024-03-20T04:48:41","guid":{"rendered":"https:\/\/demosites.royal-elementor-addons.com\/solar-energy-v2\/?page_id=23"},"modified":"2026-04-04T00:56:57","modified_gmt":"2026-04-03T21:56:57","slug":"about-us","status":"publish","type":"page","link":"https:\/\/kadirbas.com\/index.php\/about-us\/","title":{"rendered":"About Us"},"content":{"rendered":"\t\t<div data-elementor-type=\"wp-page\" data-elementor-id=\"1210\" class=\"elementor elementor-1210\">\n\t\t\t\t<div class=\"elementor-element elementor-element-dd13fe3 e-flex e-con-boxed wpr-particle-no wpr-sticky-section-no e-con e-parent\" data-id=\"dd13fe3\" data-element_type=\"container\" data-e-type=\"container\">\n\t\t\t\t\t<div class=\"e-con-inner\">\n\t\t\t\t<div class=\"elementor-element elementor-element-11d895b elementor-widget elementor-widget-spacer\" data-id=\"11d895b\" data-element_type=\"widget\" data-e-type=\"widget\" data-widget_type=\"spacer.default\">\n\t\t\t\t\t\t\t<div class=\"elementor-spacer\">\n\t\t\t<div class=\"elementor-spacer-inner\"><\/div>\n\t\t<\/div>\n\t\t\t\t\t\t<\/div>\n\t\t\t\t\t<\/div>\n\t\t\t\t<\/div>\n\t\t<div class=\"elementor-element elementor-element-179d1a4 e-flex e-con-boxed wpr-particle-no wpr-sticky-section-no e-con e-parent\" data-id=\"179d1a4\" data-element_type=\"container\" data-e-type=\"container\" data-settings=\"{&quot;background_background&quot;:&quot;classic&quot;}\">\n\t\t\t\t\t<div class=\"e-con-inner\">\n\t\t\t\t<div class=\"elementor-element elementor-element-4f11afb elementor-widget elementor-widget-heading\" data-id=\"4f11afb\" data-element_type=\"widget\" data-e-type=\"widget\" data-widget_type=\"heading.default\">\n\t\t\t\t\t<h2 class=\"elementor-heading-title elementor-size-default\">Hakk\u0131m\u0131zda<\/h2>\t\t\t\t<\/div>\n\t\t\t\t<div class=\"elementor-element elementor-element-7e69244 elementor-widget elementor-widget-heading\" data-id=\"7e69244\" data-element_type=\"widget\" data-e-type=\"widget\" data-widget_type=\"heading.default\">\n\t\t\t\t\t<h2 class=\"elementor-heading-title elementor-size-default\">Anasayfa &gt; Hakk\u0131m\u0131zda<\/h2>\t\t\t\t<\/div>\n\t\t\t\t\t<\/div>\n\t\t\t\t<\/div>\n\t\t\t\t<section class=\"elementor-section elementor-top-section elementor-element elementor-element-6dc7c78e0 elementor-section-boxed elementor-section-height-default elementor-section-height-default wpr-particle-no wpr-sticky-section-no\" data-id=\"6dc7c78e0\" data-element_type=\"section\" data-e-type=\"section\">\n\t\t\t\t\t\t<div class=\"elementor-container elementor-column-gap-default\">\n\t\t\t\t\t<div class=\"elementor-column elementor-col-100 elementor-top-column elementor-element elementor-element-2b79602c\" data-id=\"2b79602c\" data-element_type=\"column\" data-e-type=\"column\" data-settings=\"{&quot;background_background&quot;:&quot;classic&quot;}\">\n\t\t\t<div class=\"elementor-widget-wrap elementor-element-populated\">\n\t\t\t\t\t\t<section class=\"elementor-section elementor-inner-section elementor-element elementor-element-10e10570 elementor-section-boxed elementor-section-height-default elementor-section-height-default wpr-particle-no wpr-sticky-section-no\" data-id=\"10e10570\" data-element_type=\"section\" data-e-type=\"section\">\n\t\t\t\t\t\t<div class=\"elementor-container elementor-column-gap-default\">\n\t\t\t\t\t<div class=\"elementor-column elementor-col-50 elementor-inner-column elementor-element elementor-element-b173f4a\" data-id=\"b173f4a\" data-element_type=\"column\" data-e-type=\"column\">\n\t\t\t<div class=\"elementor-widget-wrap elementor-element-populated\">\n\t\t\t\t\t\t<div class=\"elementor-element elementor-element-3f7bcf5c wpr-advanced-text-style-highlighted wpr-animated-text-infinite-yes elementor-widget elementor-widget-wpr-advanced-text\" data-id=\"3f7bcf5c\" data-element_type=\"widget\" data-e-type=\"widget\" data-settings=\"{&quot;anim_loop&quot;:&quot;yes&quot;}\" data-widget_type=\"wpr-advanced-text.default\">\n\t\t\t\t\t\n\t\t<h3 class=\"wpr-advanced-text\">\n\n\t\t\t\t\t\n\t\t\t\n\t\t<span class=\"wpr-highlighted-text\">\n\t\t\t\t\t\n\t\t\t<span class=\"wpr-highlighted-text-inner\">Hakk\u0131m\u0131zda<\/span>\n\n\t\t\t<svg xmlns=\"http:\/\/www.w3.org\/2000\/svg\" viewBox=\"0 0 500 150\" class=\"wpr-highlight-underline-zigzag\" preserveAspectRatio=\"none\">\n\t\t\t\t\t\t\t\t<path d=\"M9.3,127.3c49.3-3,150.7-7.6,199.7-7.4c121.9,0.4,189.9,0.4,282.3,7.2C380.1,129.6,181.2,130.6,70,139 c82.6-2.9,254.2-1,335.9,1.3c-56,1.4-137.2-0.3-197.1,9\"><\/path>\n\t\t\t\t\t\t\t<\/svg>\n\t\t\t\t\t<\/span>\n\t\t\t\t\n\t\t<\/h3>\n\t\t\n\t\t\t\t\t\t<\/div>\n\t\t\t\t<div class=\"elementor-element elementor-element-1eaef8da elementor-widget elementor-widget-text-editor\" data-id=\"1eaef8da\" data-element_type=\"widget\" data-e-type=\"widget\" data-widget_type=\"text-editor.default\">\n\t\t\t\t\t\t\t\t\t<p>Doruk Oto Far Olarak 20 Y\u0131ld\u0131r Otomobil Far Sekt\u00f6r\u00fcnde S\u0131f\u0131r Ve 2. El Olarak Hizmet Vermkteyiz. Ancak Son Y\u0131llarda Artan Dolar Kuru Ve Enflasyon Baz Al\u0131nd\u0131g\u0131nda, Otomobil Farlar\u0131n\u0131n Fiyatlar\u0131n\u0131n Ciddi Boyutlara Geldi\u011fini D\u00fc\u015f\u00fcnerek, En Az\u0131ndan Cam\u0131 K\u0131r\u0131lan Farlara Sadece Cam De\u011fi\u015fimi Yap\u0131larak Veya Sararm\u0131\u015f Farlar\u0131n Komple De\u011fi\u015fimi De\u011fil De, Sadece Camlar\u0131n\u0131n De\u011fi\u015ferek Yeniden Hayata Ge\u00e7mesini Sagl\u0131yoruz. Far Camlar\u0131n\u0131n D\u0131s\u0131nda Far Kasas\u0131 (Farlar\u0131n Arka Plast\u0131k Bolumu) Ve Stop Cam\u0131 Sat\u0131\u015f\u0131m\u0131zda Bulunmaktad\u0131r.<\/p>\t\t\t\t\t\t\t\t<\/div>\n\t\t\t\t\t<\/div>\n\t\t<\/div>\n\t\t\t\t<div class=\"elementor-column elementor-col-50 elementor-inner-column elementor-element elementor-element-2e69d925\" data-id=\"2e69d925\" data-element_type=\"column\" data-e-type=\"column\">\n\t\t\t<div class=\"elementor-widget-wrap\">\n\t\t\t\t\t\t\t<\/div>\n\t\t<\/div>\n\t\t\t\t\t<\/div>\n\t\t<\/section>\n\t\t\t\t\t<\/div>\n\t\t<\/div>\n\t\t\t\t\t<\/div>\n\t\t<\/section>\n\t\t\t\t<\/div>\n\t\t","protected":false},"excerpt":{"rendered":"<p>Hakk\u0131m\u0131zda Anasayfa &gt; Hakk\u0131m\u0131zda Hakk\u0131m\u0131zda Doruk Oto Far Olarak 20 Y\u0131ld\u0131r Otomobil Far Sekt\u00f6r\u00fcnde S\u0131f\u0131r Ve 2. El Olarak Hizmet Vermkteyiz. Ancak Son Y\u0131llarda Artan Dolar Kuru Ve Enflasyon Baz Al\u0131nd\u0131g\u0131nda, Otomobil Farlar\u0131n\u0131n Fiyatlar\u0131n\u0131n Ciddi Boyutlara Geldi\u011fini D\u00fc\u015f\u00fcnerek, En Az\u0131ndan Cam\u0131 K\u0131r\u0131lan Farlara Sadece Cam De\u011fi\u015fimi Yap\u0131larak Veya Sararm\u0131\u015f Farlar\u0131n Komple De\u011fi\u015fimi De\u011fil De, Sadece Camlar\u0131n\u0131n De\u011fi\u015ferek Yeniden Hayata Ge\u00e7mesini Sagl\u0131yoruz. Far Camlar\u0131n\u0131n D\u0131s\u0131nda Far Kasas\u0131 (Farlar\u0131n Arka Plast\u0131k Bolumu) Ve Stop Cam\u0131 Sat\u0131\u015f\u0131m\u0131zda Bulunmaktad\u0131r.<\/p>\n","protected":false},"author":1,"featured_media":0,"parent":0,"menu_order":0,"comment_status":"closed","ping_status":"closed","template":"elementor_canvas","meta":{"footnotes":""},"class_list":["post-1210","page","type-page","status-publish","hentry"],"_links":{"self":[{"href":"https:\/\/kadirbas.com\/index.php\/wp-json\/wp\/v2\/pages\/1210","targetHints":{"allow":["GET"]}}],"collection":[{"href":"https:\/\/kadirbas.com\/index.php\/wp-json\/wp\/v2\/pages"}],"about":[{"href":"https:\/\/kadirbas.com\/index.php\/wp-json\/wp\/v2\/types\/page"}],"author":[{"embeddable":true,"href":"https:\/\/kadirbas.com\/index.php\/wp-json\/wp\/v2\/users\/1"}],"replies":[{"embeddable":true,"href":"https:\/\/kadirbas.com\/index.php\/wp-json\/wp\/v2\/comments?post=1210"}],"version-history":[{"count":36,"href":"https:\/\/kadirbas.com\/index.php\/wp-json\/wp\/v2\/pages\/1210\/revisions"}],"predecessor-version":[{"id":9634,"href":"https:\/\/kadirbas.com\/index.php\/wp-json\/wp\/v2\/pages\/1210\/revisions\/9634"}],"wp:attachment":[{"href":"https:\/\/kadirbas.com\/index.php\/wp-json\/wp\/v2\/media?parent=1210"}],"curies":[{"name":"wp","href":"https:\/\/api.w.org\/{rel}","templated":true}]}}