{"id":1467,"date":"2024-12-20T14:15:37","date_gmt":"2024-12-20T11:15:37","guid":{"rendered":"https:\/\/kadirbas.com\/?post_type=product&#038;p=1467"},"modified":"2026-03-29T20:42:21","modified_gmt":"2026-03-29T17:42:21","slug":"2021-2024-caddy-far-cami-sol-l-bos-paket-merceksiz-far-icin","status":"publish","type":"product","link":"https:\/\/kadirbas.com\/index.php\/urun\/2021-2024-caddy-far-cami-sol-l-bos-paket-merceksiz-far-icin\/","title":{"rendered":"VOLKSWAGEN 2021 2024 CADDY FAR CAMI SOL &#8211; L (BO\u015e PAKET MERCEKS\u0130Z FAR \u0130\u00c7\u0130N)"},"content":{"rendered":"<p>2021 2024 CADDY FAR CAMI SOL &#8211; L (BO\u00c5\u009e PAKET MERCEKS\u00c4\u00b0Z FAR \u00c4\u00b0\u00c3\u0087\u00c4\u00b0N)<\/p>\n","protected":false},"excerpt":{"rendered":"<p>2021 2024 CADDY FAR CAMI SOL &#8211; L (BO\u00c5\u009e PAKET MERCEKS\u00c4\u00b0Z FAR \u00c4\u00b0\u00c3\u0087\u00c4\u00b0N)<\/p>\n","protected":false},"featured_media":1561,"comment_status":"open","ping_status":"closed","template":"","meta":[],"product_brand":[],"product_cat":[15],"product_tag":[],"class_list":{"0":"post-1467","1":"product","2":"type-product","3":"status-publish","4":"has-post-thumbnail","6":"product_cat-genel","8":"first","9":"instock","10":"sale","11":"shipping-taxable","12":"purchasable","13":"product-type-simple"},"_links":{"self":[{"href":"https:\/\/kadirbas.com\/index.php\/wp-json\/wp\/v2\/product\/1467","targetHints":{"allow":["GET"]}}],"collection":[{"href":"https:\/\/kadirbas.com\/index.php\/wp-json\/wp\/v2\/product"}],"about":[{"href":"https:\/\/kadirbas.com\/index.php\/wp-json\/wp\/v2\/types\/product"}],"replies":[{"embeddable":true,"href":"https:\/\/kadirbas.com\/index.php\/wp-json\/wp\/v2\/comments?post=1467"}],"wp:featuredmedia":[{"embeddable":true,"href":"https:\/\/kadirbas.com\/index.php\/wp-json\/wp\/v2\/media\/1561"}],"wp:attachment":[{"href":"https:\/\/kadirbas.com\/index.php\/wp-json\/wp\/v2\/media?parent=1467"}],"wp:term":[{"taxonomy":"product_brand","embeddable":true,"href":"https:\/\/kadirbas.com\/index.php\/wp-json\/wp\/v2\/product_brand?post=1467"},{"taxonomy":"product_cat","embeddable":true,"href":"https:\/\/kadirbas.com\/index.php\/wp-json\/wp\/v2\/product_cat?post=1467"},{"taxonomy":"product_tag","embeddable":true,"href":"https:\/\/kadirbas.com\/index.php\/wp-json\/wp\/v2\/product_tag?post=1467"}],"curies":[{"name":"wp","href":"https:\/\/api.w.org\/{rel}","templated":true}]}}