{"id":2214,"date":"2024-12-27T11:29:18","date_gmt":"2024-12-27T08:29:18","guid":{"rendered":"https:\/\/kadirbas.com\/?post_type=product&#038;p=2214"},"modified":"2026-03-29T20:42:42","modified_gmt":"2026-03-29T17:42:42","slug":"2016-2019-cla-led-cubugu-sol-l","status":"publish","type":"product","link":"https:\/\/kadirbas.com\/index.php\/urun\/2016-2019-cla-led-cubugu-sol-l\/","title":{"rendered":"MERCEDES 2016 2019 CLA W117 117 LED \u00c7UBU\u011eU SOL &#8211; L"},"content":{"rendered":"<p>2016 2019 CLA LED \u00c7UBU\u011eU SOL &#8211; L<\/p>\n","protected":false},"excerpt":{"rendered":"<p>2016 2019 CLA LED \u00c7UBU\u011eU SOL &#8211; L<\/p>\n","protected":false},"featured_media":2215,"comment_status":"open","ping_status":"closed","template":"","meta":[],"product_brand":[],"product_cat":[17],"product_tag":[],"class_list":{"0":"post-2214","1":"product","2":"type-product","3":"status-publish","4":"has-post-thumbnail","6":"product_cat-diger","8":"first","9":"instock","10":"sale","11":"shipping-taxable","12":"purchasable","13":"product-type-simple"},"_links":{"self":[{"href":"https:\/\/kadirbas.com\/index.php\/wp-json\/wp\/v2\/product\/2214","targetHints":{"allow":["GET"]}}],"collection":[{"href":"https:\/\/kadirbas.com\/index.php\/wp-json\/wp\/v2\/product"}],"about":[{"href":"https:\/\/kadirbas.com\/index.php\/wp-json\/wp\/v2\/types\/product"}],"replies":[{"embeddable":true,"href":"https:\/\/kadirbas.com\/index.php\/wp-json\/wp\/v2\/comments?post=2214"}],"wp:featuredmedia":[{"embeddable":true,"href":"https:\/\/kadirbas.com\/index.php\/wp-json\/wp\/v2\/media\/2215"}],"wp:attachment":[{"href":"https:\/\/kadirbas.com\/index.php\/wp-json\/wp\/v2\/media?parent=2214"}],"wp:term":[{"taxonomy":"product_brand","embeddable":true,"href":"https:\/\/kadirbas.com\/index.php\/wp-json\/wp\/v2\/product_brand?post=2214"},{"taxonomy":"product_cat","embeddable":true,"href":"https:\/\/kadirbas.com\/index.php\/wp-json\/wp\/v2\/product_cat?post=2214"},{"taxonomy":"product_tag","embeddable":true,"href":"https:\/\/kadirbas.com\/index.php\/wp-json\/wp\/v2\/product_tag?post=2214"}],"curies":[{"name":"wp","href":"https:\/\/api.w.org\/{rel}","templated":true}]}}