{"id":2230,"date":"2024-12-28T08:33:56","date_gmt":"2024-12-28T05:33:56","guid":{"rendered":"https:\/\/kadirbas.com\/?post_type=product&#038;p=2230"},"modified":"2026-03-29T20:42:47","modified_gmt":"2026-03-29T17:42:47","slug":"2016-2019-e-serisi-w213-far-led-cubugu-tip1-sag-r","status":"publish","type":"product","link":"https:\/\/kadirbas.com\/index.php\/urun\/2016-2019-e-serisi-w213-far-led-cubugu-tip1-sag-r\/","title":{"rendered":"MERCEDES 2016 2019 E SER\u0130S\u0130 W213 FAR LED CUBUGU T\u0130P1 SA\u011e &#8211; R (KISA)"},"content":{"rendered":"<p>2016 2019 E SER\u00c4\u00b0S\u00c4\u00b0 W213 FAR LED CUBUGU T\u00c4\u00b0P1 SA\u00c4\u009e &#8211; R<\/p>\n","protected":false},"excerpt":{"rendered":"<p>2016 2019 E SER\u00c4\u00b0S\u00c4\u00b0 W213 FAR LED CUBUGU T\u00c4\u00b0P1 SA\u00c4\u009e &#8211; R<\/p>\n","protected":false},"featured_media":2231,"comment_status":"open","ping_status":"closed","template":"","meta":[],"product_brand":[],"product_cat":[17],"product_tag":[],"class_list":{"0":"post-2230","1":"product","2":"type-product","3":"status-publish","4":"has-post-thumbnail","6":"product_cat-diger","8":"first","9":"instock","10":"sale","11":"shipping-taxable","12":"purchasable","13":"product-type-simple"},"_links":{"self":[{"href":"https:\/\/kadirbas.com\/index.php\/wp-json\/wp\/v2\/product\/2230","targetHints":{"allow":["GET"]}}],"collection":[{"href":"https:\/\/kadirbas.com\/index.php\/wp-json\/wp\/v2\/product"}],"about":[{"href":"https:\/\/kadirbas.com\/index.php\/wp-json\/wp\/v2\/types\/product"}],"replies":[{"embeddable":true,"href":"https:\/\/kadirbas.com\/index.php\/wp-json\/wp\/v2\/comments?post=2230"}],"wp:featuredmedia":[{"embeddable":true,"href":"https:\/\/kadirbas.com\/index.php\/wp-json\/wp\/v2\/media\/2231"}],"wp:attachment":[{"href":"https:\/\/kadirbas.com\/index.php\/wp-json\/wp\/v2\/media?parent=2230"}],"wp:term":[{"taxonomy":"product_brand","embeddable":true,"href":"https:\/\/kadirbas.com\/index.php\/wp-json\/wp\/v2\/product_brand?post=2230"},{"taxonomy":"product_cat","embeddable":true,"href":"https:\/\/kadirbas.com\/index.php\/wp-json\/wp\/v2\/product_cat?post=2230"},{"taxonomy":"product_tag","embeddable":true,"href":"https:\/\/kadirbas.com\/index.php\/wp-json\/wp\/v2\/product_tag?post=2230"}],"curies":[{"name":"wp","href":"https:\/\/api.w.org\/{rel}","templated":true}]}}