{"id":2534,"date":"2025-01-24T09:07:08","date_gmt":"2025-01-24T06:07:08","guid":{"rendered":"https:\/\/kadirbas.com\/?post_type=product&#038;p=2534"},"modified":"2026-03-29T20:42:50","modified_gmt":"2026-03-29T17:42:50","slug":"2013-2016-e-serisi-w212-212-led-far-cubugu-kisa-tip-sol-l","status":"publish","type":"product","link":"https:\/\/kadirbas.com\/index.php\/urun\/2013-2016-e-serisi-w212-212-led-far-cubugu-kisa-tip-sol-l\/","title":{"rendered":"MERCEDES 2013 2016 E SER\u0130S\u0130 W212 212 LED FAR CUBUGU KISA T\u0130P SOL &#8211; L"},"content":{"rendered":"<p>2013 2016 E SER\u00c4\u00b0S\u00c4\u00b0 W212 212 LED FAR CUBUGU KISA T\u00c4\u00b0P SOL &#8211; L<\/p>\n","protected":false},"excerpt":{"rendered":"<p>2013 2016 E SER\u00c4\u00b0S\u00c4\u00b0 W212 212 LED FAR CUBUGU KISA T\u00c4\u00b0P SOL &#8211; L<\/p>\n","protected":false},"featured_media":2533,"comment_status":"open","ping_status":"closed","template":"","meta":[],"product_brand":[],"product_cat":[17],"product_tag":[],"class_list":{"0":"post-2534","1":"product","2":"type-product","3":"status-publish","4":"has-post-thumbnail","6":"product_cat-diger","8":"first","9":"instock","10":"sale","11":"shipping-taxable","12":"purchasable","13":"product-type-simple"},"_links":{"self":[{"href":"https:\/\/kadirbas.com\/index.php\/wp-json\/wp\/v2\/product\/2534","targetHints":{"allow":["GET"]}}],"collection":[{"href":"https:\/\/kadirbas.com\/index.php\/wp-json\/wp\/v2\/product"}],"about":[{"href":"https:\/\/kadirbas.com\/index.php\/wp-json\/wp\/v2\/types\/product"}],"replies":[{"embeddable":true,"href":"https:\/\/kadirbas.com\/index.php\/wp-json\/wp\/v2\/comments?post=2534"}],"wp:featuredmedia":[{"embeddable":true,"href":"https:\/\/kadirbas.com\/index.php\/wp-json\/wp\/v2\/media\/2533"}],"wp:attachment":[{"href":"https:\/\/kadirbas.com\/index.php\/wp-json\/wp\/v2\/media?parent=2534"}],"wp:term":[{"taxonomy":"product_brand","embeddable":true,"href":"https:\/\/kadirbas.com\/index.php\/wp-json\/wp\/v2\/product_brand?post=2534"},{"taxonomy":"product_cat","embeddable":true,"href":"https:\/\/kadirbas.com\/index.php\/wp-json\/wp\/v2\/product_cat?post=2534"},{"taxonomy":"product_tag","embeddable":true,"href":"https:\/\/kadirbas.com\/index.php\/wp-json\/wp\/v2\/product_tag?post=2534"}],"curies":[{"name":"wp","href":"https:\/\/api.w.org\/{rel}","templated":true}]}}