{"id":4258,"date":"2025-06-16T09:18:24","date_gmt":"2025-06-16T06:18:24","guid":{"rendered":"https:\/\/kadirbas.com\/?post_type=product&#038;p=4258"},"modified":"2026-03-29T20:43:11","modified_gmt":"2026-03-29T17:43:11","slug":"12-15-3-serisi-f30-far-kasasi-sol-l","status":"publish","type":"product","link":"https:\/\/kadirbas.com\/index.php\/urun\/12-15-3-serisi-f30-far-kasasi-sol-l\/","title":{"rendered":"12-15 BMW 3 SER\u0130S\u0130 F30 FAR KASASI SOL &#8211; L"},"content":{"rendered":"<p>12-15 3 SER\u00c4\u00b0S\u00c4\u00b0 F30 FAR KASASI SOL &#8211; L<\/p>\n","protected":false},"excerpt":{"rendered":"<p>12-15 3 SER\u00c4\u00b0S\u00c4\u00b0 F30 FAR KASASI SOL &#8211; L<\/p>\n","protected":false},"featured_media":4259,"comment_status":"open","ping_status":"closed","template":"","meta":[],"product_brand":[],"product_cat":[17],"product_tag":[],"class_list":{"0":"post-4258","1":"product","2":"type-product","3":"status-publish","4":"has-post-thumbnail","6":"product_cat-diger","8":"first","9":"instock","10":"sale","11":"shipping-taxable","12":"purchasable","13":"product-type-simple"},"_links":{"self":[{"href":"https:\/\/kadirbas.com\/index.php\/wp-json\/wp\/v2\/product\/4258","targetHints":{"allow":["GET"]}}],"collection":[{"href":"https:\/\/kadirbas.com\/index.php\/wp-json\/wp\/v2\/product"}],"about":[{"href":"https:\/\/kadirbas.com\/index.php\/wp-json\/wp\/v2\/types\/product"}],"replies":[{"embeddable":true,"href":"https:\/\/kadirbas.com\/index.php\/wp-json\/wp\/v2\/comments?post=4258"}],"wp:featuredmedia":[{"embeddable":true,"href":"https:\/\/kadirbas.com\/index.php\/wp-json\/wp\/v2\/media\/4259"}],"wp:attachment":[{"href":"https:\/\/kadirbas.com\/index.php\/wp-json\/wp\/v2\/media?parent=4258"}],"wp:term":[{"taxonomy":"product_brand","embeddable":true,"href":"https:\/\/kadirbas.com\/index.php\/wp-json\/wp\/v2\/product_brand?post=4258"},{"taxonomy":"product_cat","embeddable":true,"href":"https:\/\/kadirbas.com\/index.php\/wp-json\/wp\/v2\/product_cat?post=4258"},{"taxonomy":"product_tag","embeddable":true,"href":"https:\/\/kadirbas.com\/index.php\/wp-json\/wp\/v2\/product_tag?post=4258"}],"curies":[{"name":"wp","href":"https:\/\/api.w.org\/{rel}","templated":true}]}}