{"id":4290,"date":"2025-06-16T09:42:17","date_gmt":"2025-06-16T06:42:17","guid":{"rendered":"https:\/\/kadirbas.com\/?post_type=product&#038;p=4290"},"modified":"2026-04-03T14:04:25","modified_gmt":"2026-04-03T11:04:25","slug":"04-10-5-serisi-e60-led-kasli-cam-sol-l","status":"publish","type":"product","link":"https:\/\/kadirbas.com\/index.php\/urun\/04-10-5-serisi-e60-led-kasli-cam-sol-l\/","title":{"rendered":"04-10 BMW 5 SER\u0130S\u0130 E60 LED KA\u015eLI CAM SOL-L"},"content":{"rendered":"<p>04-10 5 SER\u00c4\u00b0S\u00c4\u00b0 E60 LED KA\u00c5\u009eLI CAM SOL-L<\/p>\n","protected":false},"excerpt":{"rendered":"<p>04-10 5 SER\u00c4\u00b0S\u00c4\u00b0 E60 LED KA\u00c5\u009eLI CAM SOL-L<\/p>\n","protected":false},"featured_media":4289,"comment_status":"open","ping_status":"closed","template":"","meta":[],"product_brand":[],"product_cat":[17],"product_tag":[],"class_list":{"0":"post-4290","1":"product","2":"type-product","3":"status-publish","4":"has-post-thumbnail","6":"product_cat-diger","8":"first","9":"instock","10":"sale","11":"shipping-taxable","12":"purchasable","13":"product-type-simple"},"_links":{"self":[{"href":"https:\/\/kadirbas.com\/index.php\/wp-json\/wp\/v2\/product\/4290","targetHints":{"allow":["GET"]}}],"collection":[{"href":"https:\/\/kadirbas.com\/index.php\/wp-json\/wp\/v2\/product"}],"about":[{"href":"https:\/\/kadirbas.com\/index.php\/wp-json\/wp\/v2\/types\/product"}],"replies":[{"embeddable":true,"href":"https:\/\/kadirbas.com\/index.php\/wp-json\/wp\/v2\/comments?post=4290"}],"wp:featuredmedia":[{"embeddable":true,"href":"https:\/\/kadirbas.com\/index.php\/wp-json\/wp\/v2\/media\/4289"}],"wp:attachment":[{"href":"https:\/\/kadirbas.com\/index.php\/wp-json\/wp\/v2\/media?parent=4290"}],"wp:term":[{"taxonomy":"product_brand","embeddable":true,"href":"https:\/\/kadirbas.com\/index.php\/wp-json\/wp\/v2\/product_brand?post=4290"},{"taxonomy":"product_cat","embeddable":true,"href":"https:\/\/kadirbas.com\/index.php\/wp-json\/wp\/v2\/product_cat?post=4290"},{"taxonomy":"product_tag","embeddable":true,"href":"https:\/\/kadirbas.com\/index.php\/wp-json\/wp\/v2\/product_tag?post=4290"}],"curies":[{"name":"wp","href":"https:\/\/api.w.org\/{rel}","templated":true}]}}