{"id":4338,"date":"2025-06-16T11:16:19","date_gmt":"2025-06-16T08:16:19","guid":{"rendered":"https:\/\/kadirbas.com\/?post_type=product&#038;p=4338"},"modified":"2026-03-29T20:43:25","modified_gmt":"2026-03-29T17:43:25","slug":"bmv-06-09-7-serisi-e65-lci-far-cami-takim","status":"publish","type":"product","link":"https:\/\/kadirbas.com\/index.php\/urun\/bmv-06-09-7-serisi-e65-lci-far-cami-takim\/","title":{"rendered":"BMW 06-09 7 SER\u0130S\u0130 E65 LC\u0130 FAR CAMI &#8211; TAKIM"},"content":{"rendered":"<p>BMV 06-09 7 SER\u00c4\u00b0S\u00c4\u00b0 E65 LC\u00c4\u00b0 FAR CAMI &#8211; TAKIM<\/p>\n","protected":false},"excerpt":{"rendered":"<p>BMV 06-09 7 SER\u00c4\u00b0S\u00c4\u00b0 E65 LC\u00c4\u00b0 FAR CAMI &#8211; TAKIM<\/p>\n","protected":false},"featured_media":4336,"comment_status":"open","ping_status":"closed","template":"","meta":[],"product_brand":[],"product_cat":[17],"product_tag":[],"class_list":{"0":"post-4338","1":"product","2":"type-product","3":"status-publish","4":"has-post-thumbnail","6":"product_cat-diger","8":"first","9":"instock","10":"sale","11":"shipping-taxable","12":"purchasable","13":"product-type-simple"},"_links":{"self":[{"href":"https:\/\/kadirbas.com\/index.php\/wp-json\/wp\/v2\/product\/4338","targetHints":{"allow":["GET"]}}],"collection":[{"href":"https:\/\/kadirbas.com\/index.php\/wp-json\/wp\/v2\/product"}],"about":[{"href":"https:\/\/kadirbas.com\/index.php\/wp-json\/wp\/v2\/types\/product"}],"replies":[{"embeddable":true,"href":"https:\/\/kadirbas.com\/index.php\/wp-json\/wp\/v2\/comments?post=4338"}],"wp:featuredmedia":[{"embeddable":true,"href":"https:\/\/kadirbas.com\/index.php\/wp-json\/wp\/v2\/media\/4336"}],"wp:attachment":[{"href":"https:\/\/kadirbas.com\/index.php\/wp-json\/wp\/v2\/media?parent=4338"}],"wp:term":[{"taxonomy":"product_brand","embeddable":true,"href":"https:\/\/kadirbas.com\/index.php\/wp-json\/wp\/v2\/product_brand?post=4338"},{"taxonomy":"product_cat","embeddable":true,"href":"https:\/\/kadirbas.com\/index.php\/wp-json\/wp\/v2\/product_cat?post=4338"},{"taxonomy":"product_tag","embeddable":true,"href":"https:\/\/kadirbas.com\/index.php\/wp-json\/wp\/v2\/product_tag?post=4338"}],"curies":[{"name":"wp","href":"https:\/\/api.w.org\/{rel}","templated":true}]}}