{"id":4387,"date":"2025-06-16T11:56:03","date_gmt":"2025-06-16T08:56:03","guid":{"rendered":"https:\/\/kadirbas.com\/?post_type=product&#038;p=4387"},"modified":"2026-03-29T20:43:40","modified_gmt":"2026-03-29T17:43:40","slug":"mercedes-20-23-a-serisi-w177-far-cami-takim","status":"publish","type":"product","link":"https:\/\/kadirbas.com\/index.php\/urun\/mercedes-20-23-a-serisi-w177-far-cami-takim\/","title":{"rendered":"MERCEDES 20-23 A SER\u0130S\u0130 W177 FAR CAMI &#8211; TAKIM"},"content":{"rendered":"<p>MERCEDES 20-23 A SER\u00c4\u00b0S\u00c4\u00b0 W177 FAR CAMI TAKIM<\/p>\n","protected":false},"excerpt":{"rendered":"<p>MERCEDES 20-23 A SER\u00c4\u00b0S\u00c4\u00b0 W177 FAR CAMI TAKIM<\/p>\n","protected":false},"featured_media":4386,"comment_status":"open","ping_status":"closed","template":"","meta":[],"product_brand":[],"product_cat":[17],"product_tag":[],"class_list":{"0":"post-4387","1":"product","2":"type-product","3":"status-publish","4":"has-post-thumbnail","6":"product_cat-diger","8":"first","9":"instock","10":"sale","11":"shipping-taxable","12":"purchasable","13":"product-type-simple"},"_links":{"self":[{"href":"https:\/\/kadirbas.com\/index.php\/wp-json\/wp\/v2\/product\/4387","targetHints":{"allow":["GET"]}}],"collection":[{"href":"https:\/\/kadirbas.com\/index.php\/wp-json\/wp\/v2\/product"}],"about":[{"href":"https:\/\/kadirbas.com\/index.php\/wp-json\/wp\/v2\/types\/product"}],"replies":[{"embeddable":true,"href":"https:\/\/kadirbas.com\/index.php\/wp-json\/wp\/v2\/comments?post=4387"}],"wp:featuredmedia":[{"embeddable":true,"href":"https:\/\/kadirbas.com\/index.php\/wp-json\/wp\/v2\/media\/4386"}],"wp:attachment":[{"href":"https:\/\/kadirbas.com\/index.php\/wp-json\/wp\/v2\/media?parent=4387"}],"wp:term":[{"taxonomy":"product_brand","embeddable":true,"href":"https:\/\/kadirbas.com\/index.php\/wp-json\/wp\/v2\/product_brand?post=4387"},{"taxonomy":"product_cat","embeddable":true,"href":"https:\/\/kadirbas.com\/index.php\/wp-json\/wp\/v2\/product_cat?post=4387"},{"taxonomy":"product_tag","embeddable":true,"href":"https:\/\/kadirbas.com\/index.php\/wp-json\/wp\/v2\/product_tag?post=4387"}],"curies":[{"name":"wp","href":"https:\/\/api.w.org\/{rel}","templated":true}]}}