{"id":4408,"date":"2025-06-16T12:16:23","date_gmt":"2025-06-16T09:16:23","guid":{"rendered":"https:\/\/kadirbas.com\/?post_type=product&#038;p=4408"},"modified":"2026-03-29T20:43:45","modified_gmt":"2026-03-29T17:43:45","slug":"mercedes-12-15-b-serisi-w246-far-cami-sol-l","status":"publish","type":"product","link":"https:\/\/kadirbas.com\/index.php\/urun\/mercedes-12-15-b-serisi-w246-far-cami-sol-l\/","title":{"rendered":"MERCEDES 12-15 B SER\u0130S\u0130 W246 FAR CAMI SOL &#8211; L"},"content":{"rendered":"<p>MERCEDES 12-15 B SER\u00c4\u00b0S\u00c4\u00b0 W246 FAR CAMI SOL &#8211; L<\/p>\n","protected":false},"excerpt":{"rendered":"<p>MERCEDES 12-15 B SER\u00c4\u00b0S\u00c4\u00b0 W246 FAR CAMI SOL &#8211; L<\/p>\n","protected":false},"featured_media":4407,"comment_status":"open","ping_status":"closed","template":"","meta":[],"product_brand":[],"product_cat":[17],"product_tag":[],"class_list":{"0":"post-4408","1":"product","2":"type-product","3":"status-publish","4":"has-post-thumbnail","6":"product_cat-diger","8":"first","9":"instock","10":"sale","11":"shipping-taxable","12":"purchasable","13":"product-type-simple"},"_links":{"self":[{"href":"https:\/\/kadirbas.com\/index.php\/wp-json\/wp\/v2\/product\/4408","targetHints":{"allow":["GET"]}}],"collection":[{"href":"https:\/\/kadirbas.com\/index.php\/wp-json\/wp\/v2\/product"}],"about":[{"href":"https:\/\/kadirbas.com\/index.php\/wp-json\/wp\/v2\/types\/product"}],"replies":[{"embeddable":true,"href":"https:\/\/kadirbas.com\/index.php\/wp-json\/wp\/v2\/comments?post=4408"}],"wp:featuredmedia":[{"embeddable":true,"href":"https:\/\/kadirbas.com\/index.php\/wp-json\/wp\/v2\/media\/4407"}],"wp:attachment":[{"href":"https:\/\/kadirbas.com\/index.php\/wp-json\/wp\/v2\/media?parent=4408"}],"wp:term":[{"taxonomy":"product_brand","embeddable":true,"href":"https:\/\/kadirbas.com\/index.php\/wp-json\/wp\/v2\/product_brand?post=4408"},{"taxonomy":"product_cat","embeddable":true,"href":"https:\/\/kadirbas.com\/index.php\/wp-json\/wp\/v2\/product_cat?post=4408"},{"taxonomy":"product_tag","embeddable":true,"href":"https:\/\/kadirbas.com\/index.php\/wp-json\/wp\/v2\/product_tag?post=4408"}],"curies":[{"name":"wp","href":"https:\/\/api.w.org\/{rel}","templated":true}]}}