{"id":4474,"date":"2025-06-17T06:51:49","date_gmt":"2025-06-17T03:51:49","guid":{"rendered":"https:\/\/kadirbas.com\/?post_type=product&#038;p=4474"},"modified":"2026-03-29T20:43:54","modified_gmt":"2026-03-29T17:43:54","slug":"mercedes-14-16-e-serisi-w212-makyajli-far-kasasi-sol-l","status":"publish","type":"product","link":"https:\/\/kadirbas.com\/index.php\/urun\/mercedes-14-16-e-serisi-w212-makyajli-far-kasasi-sol-l\/","title":{"rendered":"MERCEDES 14-16 E SER\u0130S\u0130 W212 MAKYAJLI FAR KASASI SOL -L"},"content":{"rendered":"<p>MERCEDES 14-16 E SER\u00c4\u00b0S\u00c4\u00b0 W212 MAKYAJLI FAR KASASI SOL -L<\/p>\n","protected":false},"excerpt":{"rendered":"<p>MERCEDES 14-16 E SER\u00c4\u00b0S\u00c4\u00b0 W212 MAKYAJLI FAR KASASI SOL -L<\/p>\n","protected":false},"featured_media":4473,"comment_status":"open","ping_status":"closed","template":"","meta":[],"product_brand":[],"product_cat":[17],"product_tag":[],"class_list":{"0":"post-4474","1":"product","2":"type-product","3":"status-publish","4":"has-post-thumbnail","6":"product_cat-diger","8":"first","9":"instock","10":"sale","11":"shipping-taxable","12":"purchasable","13":"product-type-simple"},"_links":{"self":[{"href":"https:\/\/kadirbas.com\/index.php\/wp-json\/wp\/v2\/product\/4474","targetHints":{"allow":["GET"]}}],"collection":[{"href":"https:\/\/kadirbas.com\/index.php\/wp-json\/wp\/v2\/product"}],"about":[{"href":"https:\/\/kadirbas.com\/index.php\/wp-json\/wp\/v2\/types\/product"}],"replies":[{"embeddable":true,"href":"https:\/\/kadirbas.com\/index.php\/wp-json\/wp\/v2\/comments?post=4474"}],"wp:featuredmedia":[{"embeddable":true,"href":"https:\/\/kadirbas.com\/index.php\/wp-json\/wp\/v2\/media\/4473"}],"wp:attachment":[{"href":"https:\/\/kadirbas.com\/index.php\/wp-json\/wp\/v2\/media?parent=4474"}],"wp:term":[{"taxonomy":"product_brand","embeddable":true,"href":"https:\/\/kadirbas.com\/index.php\/wp-json\/wp\/v2\/product_brand?post=4474"},{"taxonomy":"product_cat","embeddable":true,"href":"https:\/\/kadirbas.com\/index.php\/wp-json\/wp\/v2\/product_cat?post=4474"},{"taxonomy":"product_tag","embeddable":true,"href":"https:\/\/kadirbas.com\/index.php\/wp-json\/wp\/v2\/product_tag?post=4474"}],"curies":[{"name":"wp","href":"https:\/\/api.w.org\/{rel}","templated":true}]}}