{"id":4492,"date":"2025-06-17T07:06:00","date_gmt":"2025-06-17T04:06:00","guid":{"rendered":"https:\/\/kadirbas.com\/?post_type=product&#038;p=4492"},"modified":"2026-03-29T20:43:58","modified_gmt":"2026-03-29T17:43:58","slug":"mercedes-09-13-e-serisi-coupe-w207-far-cami-sol-l","status":"publish","type":"product","link":"https:\/\/kadirbas.com\/index.php\/urun\/mercedes-09-13-e-serisi-coupe-w207-far-cami-sol-l\/","title":{"rendered":"MERCEDES 09-13 E SER\u0130S\u0130 COUPE W207 FAR CAMI SOL &#8211; L"},"content":{"rendered":"<p>MERCEDES 09-13 E SER\u00c4\u00b0S\u00c4\u00b0 COUPE W207 FAR CAMI SOL &#8211; L<\/p>\n","protected":false},"excerpt":{"rendered":"<p>MERCEDES 09-13 E SER\u00c4\u00b0S\u00c4\u00b0 COUPE W207 FAR CAMI SOL &#8211; L<\/p>\n","protected":false},"featured_media":4491,"comment_status":"open","ping_status":"closed","template":"","meta":[],"product_brand":[],"product_cat":[17],"product_tag":[],"class_list":{"0":"post-4492","1":"product","2":"type-product","3":"status-publish","4":"has-post-thumbnail","6":"product_cat-diger","8":"first","9":"instock","10":"sale","11":"shipping-taxable","12":"purchasable","13":"product-type-simple"},"_links":{"self":[{"href":"https:\/\/kadirbas.com\/index.php\/wp-json\/wp\/v2\/product\/4492","targetHints":{"allow":["GET"]}}],"collection":[{"href":"https:\/\/kadirbas.com\/index.php\/wp-json\/wp\/v2\/product"}],"about":[{"href":"https:\/\/kadirbas.com\/index.php\/wp-json\/wp\/v2\/types\/product"}],"replies":[{"embeddable":true,"href":"https:\/\/kadirbas.com\/index.php\/wp-json\/wp\/v2\/comments?post=4492"}],"wp:featuredmedia":[{"embeddable":true,"href":"https:\/\/kadirbas.com\/index.php\/wp-json\/wp\/v2\/media\/4491"}],"wp:attachment":[{"href":"https:\/\/kadirbas.com\/index.php\/wp-json\/wp\/v2\/media?parent=4492"}],"wp:term":[{"taxonomy":"product_brand","embeddable":true,"href":"https:\/\/kadirbas.com\/index.php\/wp-json\/wp\/v2\/product_brand?post=4492"},{"taxonomy":"product_cat","embeddable":true,"href":"https:\/\/kadirbas.com\/index.php\/wp-json\/wp\/v2\/product_cat?post=4492"},{"taxonomy":"product_tag","embeddable":true,"href":"https:\/\/kadirbas.com\/index.php\/wp-json\/wp\/v2\/product_tag?post=4492"}],"curies":[{"name":"wp","href":"https:\/\/api.w.org\/{rel}","templated":true}]}}