{"id":5406,"date":"2025-08-14T18:00:19","date_gmt":"2025-08-14T15:00:19","guid":{"rendered":"https:\/\/kadirbas.com\/?post_type=product&#038;p=5406"},"modified":"2026-03-29T20:44:15","modified_gmt":"2026-03-29T17:44:15","slug":"seat-2012-2017-ibiza-far-cami-sol-l","status":"publish","type":"product","link":"https:\/\/kadirbas.com\/index.php\/urun\/seat-2012-2017-ibiza-far-cami-sol-l\/","title":{"rendered":"SEAT 2012 2017 \u0130B\u0130ZA FAR CAMI SOL &#8211; L"},"content":{"rendered":"<p>SEAT 2012 2017 \u00c4\u00b0B\u00c4\u00b0ZA FAR CAMI SOL &#8211; L<\/p>\n","protected":false},"excerpt":{"rendered":"<p>SEAT 2012 2017 \u00c4\u00b0B\u00c4\u00b0ZA FAR CAMI SOL &#8211; L<\/p>\n","protected":false},"featured_media":5407,"comment_status":"open","ping_status":"closed","template":"","meta":[],"product_brand":[],"product_cat":[15],"product_tag":[],"class_list":{"0":"post-5406","1":"product","2":"type-product","3":"status-publish","4":"has-post-thumbnail","6":"product_cat-genel","8":"first","9":"instock","10":"sale","11":"shipping-taxable","12":"purchasable","13":"product-type-simple"},"_links":{"self":[{"href":"https:\/\/kadirbas.com\/index.php\/wp-json\/wp\/v2\/product\/5406","targetHints":{"allow":["GET"]}}],"collection":[{"href":"https:\/\/kadirbas.com\/index.php\/wp-json\/wp\/v2\/product"}],"about":[{"href":"https:\/\/kadirbas.com\/index.php\/wp-json\/wp\/v2\/types\/product"}],"replies":[{"embeddable":true,"href":"https:\/\/kadirbas.com\/index.php\/wp-json\/wp\/v2\/comments?post=5406"}],"wp:featuredmedia":[{"embeddable":true,"href":"https:\/\/kadirbas.com\/index.php\/wp-json\/wp\/v2\/media\/5407"}],"wp:attachment":[{"href":"https:\/\/kadirbas.com\/index.php\/wp-json\/wp\/v2\/media?parent=5406"}],"wp:term":[{"taxonomy":"product_brand","embeddable":true,"href":"https:\/\/kadirbas.com\/index.php\/wp-json\/wp\/v2\/product_brand?post=5406"},{"taxonomy":"product_cat","embeddable":true,"href":"https:\/\/kadirbas.com\/index.php\/wp-json\/wp\/v2\/product_cat?post=5406"},{"taxonomy":"product_tag","embeddable":true,"href":"https:\/\/kadirbas.com\/index.php\/wp-json\/wp\/v2\/product_tag?post=5406"}],"curies":[{"name":"wp","href":"https:\/\/api.w.org\/{rel}","templated":true}]}}