{"id":5690,"date":"2025-08-28T12:13:03","date_gmt":"2025-08-28T09:13:03","guid":{"rendered":"https:\/\/kadirbas.com\/?post_type=product&#038;p=5690"},"modified":"2026-03-29T20:44:23","modified_gmt":"2026-03-29T17:44:23","slug":"2004-2011-nissan-patrol-far-cami-sag-r","status":"publish","type":"product","link":"https:\/\/kadirbas.com\/index.php\/urun\/2004-2011-nissan-patrol-far-cami-sag-r\/","title":{"rendered":"2004 2011 N\u0130SSAN PATROL FAR CAMI SA\u011e &#8211; R"},"content":{"rendered":"<p>2004 2011 N\u00c4\u00b0SSAN PATROL FAR CAMI SA\u00c4\u009e &#8211; R<\/p>\n","protected":false},"excerpt":{"rendered":"<p>2004 2011 N\u00c4\u00b0SSAN PATROL FAR CAMI SA\u00c4\u009e &#8211; R<\/p>\n","protected":false},"featured_media":5691,"comment_status":"open","ping_status":"closed","template":"","meta":[],"product_brand":[],"product_cat":[15],"product_tag":[],"class_list":{"0":"post-5690","1":"product","2":"type-product","3":"status-publish","4":"has-post-thumbnail","6":"product_cat-genel","8":"first","9":"instock","10":"sale","11":"shipping-taxable","12":"purchasable","13":"product-type-simple"},"_links":{"self":[{"href":"https:\/\/kadirbas.com\/index.php\/wp-json\/wp\/v2\/product\/5690","targetHints":{"allow":["GET"]}}],"collection":[{"href":"https:\/\/kadirbas.com\/index.php\/wp-json\/wp\/v2\/product"}],"about":[{"href":"https:\/\/kadirbas.com\/index.php\/wp-json\/wp\/v2\/types\/product"}],"replies":[{"embeddable":true,"href":"https:\/\/kadirbas.com\/index.php\/wp-json\/wp\/v2\/comments?post=5690"}],"wp:featuredmedia":[{"embeddable":true,"href":"https:\/\/kadirbas.com\/index.php\/wp-json\/wp\/v2\/media\/5691"}],"wp:attachment":[{"href":"https:\/\/kadirbas.com\/index.php\/wp-json\/wp\/v2\/media?parent=5690"}],"wp:term":[{"taxonomy":"product_brand","embeddable":true,"href":"https:\/\/kadirbas.com\/index.php\/wp-json\/wp\/v2\/product_brand?post=5690"},{"taxonomy":"product_cat","embeddable":true,"href":"https:\/\/kadirbas.com\/index.php\/wp-json\/wp\/v2\/product_cat?post=5690"},{"taxonomy":"product_tag","embeddable":true,"href":"https:\/\/kadirbas.com\/index.php\/wp-json\/wp\/v2\/product_tag?post=5690"}],"curies":[{"name":"wp","href":"https:\/\/api.w.org\/{rel}","templated":true}]}}