{"id":5992,"date":"2025-09-12T10:51:32","date_gmt":"2025-09-12T07:51:32","guid":{"rendered":"https:\/\/kadirbas.com\/?post_type=product&#038;p=5992"},"modified":"2026-03-29T20:44:29","modified_gmt":"2026-03-29T17:44:29","slug":"2015-2018-peugeot-508-gunduz-fari-komple-sol-l","status":"publish","type":"product","link":"https:\/\/kadirbas.com\/index.php\/urun\/2015-2018-peugeot-508-gunduz-fari-komple-sol-l\/","title":{"rendered":"2015 2018 PEUGEOT 508 G\u00dcND\u00dcZ FARI KOMPLE SOL &#8211; L (\u0130\u015eLEM GEREK\u0130R)"},"content":{"rendered":"<p>2015 2018 PEUGEOT 508 G\u00dcND\u00dcZ FARI KOMPLE SOL &#8211; L<\/p>\n","protected":false},"excerpt":{"rendered":"<p>2015 2018 PEUGEOT 508 G\u00dcND\u00dcZ FARI KOMPLE SOL &#8211; L<\/p>\n","protected":false},"featured_media":5991,"comment_status":"open","ping_status":"closed","template":"","meta":[],"product_brand":[],"product_cat":[15],"product_tag":[],"class_list":{"0":"post-5992","1":"product","2":"type-product","3":"status-publish","4":"has-post-thumbnail","6":"product_cat-genel","8":"first","9":"instock","10":"sale","11":"shipping-taxable","12":"purchasable","13":"product-type-simple"},"_links":{"self":[{"href":"https:\/\/kadirbas.com\/index.php\/wp-json\/wp\/v2\/product\/5992","targetHints":{"allow":["GET"]}}],"collection":[{"href":"https:\/\/kadirbas.com\/index.php\/wp-json\/wp\/v2\/product"}],"about":[{"href":"https:\/\/kadirbas.com\/index.php\/wp-json\/wp\/v2\/types\/product"}],"replies":[{"embeddable":true,"href":"https:\/\/kadirbas.com\/index.php\/wp-json\/wp\/v2\/comments?post=5992"}],"wp:featuredmedia":[{"embeddable":true,"href":"https:\/\/kadirbas.com\/index.php\/wp-json\/wp\/v2\/media\/5991"}],"wp:attachment":[{"href":"https:\/\/kadirbas.com\/index.php\/wp-json\/wp\/v2\/media?parent=5992"}],"wp:term":[{"taxonomy":"product_brand","embeddable":true,"href":"https:\/\/kadirbas.com\/index.php\/wp-json\/wp\/v2\/product_brand?post=5992"},{"taxonomy":"product_cat","embeddable":true,"href":"https:\/\/kadirbas.com\/index.php\/wp-json\/wp\/v2\/product_cat?post=5992"},{"taxonomy":"product_tag","embeddable":true,"href":"https:\/\/kadirbas.com\/index.php\/wp-json\/wp\/v2\/product_tag?post=5992"}],"curies":[{"name":"wp","href":"https:\/\/api.w.org\/{rel}","templated":true}]}}