{"id":6532,"date":"2025-10-31T14:04:39","date_gmt":"2025-10-31T11:04:39","guid":{"rendered":"https:\/\/kadirbas.com\/?post_type=product&#038;p=6532"},"modified":"2026-03-29T20:44:39","modified_gmt":"2026-03-29T17:44:39","slug":"audi-a6-2018-2024-far-kasasi-sag-r","status":"publish","type":"product","link":"https:\/\/kadirbas.com\/index.php\/urun\/audi-a6-2018-2024-far-kasasi-sag-r\/","title":{"rendered":"AUD\u0130 A6 2018 2024 FAR KASASI SA\u011e &#8211; R"},"content":{"rendered":"<p>AUD\u00c4\u00b0 A6 2018 2024 FAR KASASI SA\u00c4\u009e &#8211; R<\/p>\n","protected":false},"excerpt":{"rendered":"<p>AUD\u00c4\u00b0 A6 2018 2024 FAR KASASI SA\u00c4\u009e &#8211; R<\/p>\n","protected":false},"featured_media":6533,"comment_status":"open","ping_status":"closed","template":"","meta":[],"product_brand":[],"product_cat":[15],"product_tag":[],"class_list":{"0":"post-6532","1":"product","2":"type-product","3":"status-publish","4":"has-post-thumbnail","6":"product_cat-genel","8":"first","9":"instock","10":"sale","11":"shipping-taxable","12":"purchasable","13":"product-type-simple"},"_links":{"self":[{"href":"https:\/\/kadirbas.com\/index.php\/wp-json\/wp\/v2\/product\/6532","targetHints":{"allow":["GET"]}}],"collection":[{"href":"https:\/\/kadirbas.com\/index.php\/wp-json\/wp\/v2\/product"}],"about":[{"href":"https:\/\/kadirbas.com\/index.php\/wp-json\/wp\/v2\/types\/product"}],"replies":[{"embeddable":true,"href":"https:\/\/kadirbas.com\/index.php\/wp-json\/wp\/v2\/comments?post=6532"}],"wp:featuredmedia":[{"embeddable":true,"href":"https:\/\/kadirbas.com\/index.php\/wp-json\/wp\/v2\/media\/6533"}],"wp:attachment":[{"href":"https:\/\/kadirbas.com\/index.php\/wp-json\/wp\/v2\/media?parent=6532"}],"wp:term":[{"taxonomy":"product_brand","embeddable":true,"href":"https:\/\/kadirbas.com\/index.php\/wp-json\/wp\/v2\/product_brand?post=6532"},{"taxonomy":"product_cat","embeddable":true,"href":"https:\/\/kadirbas.com\/index.php\/wp-json\/wp\/v2\/product_cat?post=6532"},{"taxonomy":"product_tag","embeddable":true,"href":"https:\/\/kadirbas.com\/index.php\/wp-json\/wp\/v2\/product_tag?post=6532"}],"curies":[{"name":"wp","href":"https:\/\/api.w.org\/{rel}","templated":true}]}}