{"id":6555,"date":"2025-10-31T14:18:19","date_gmt":"2025-10-31T11:18:19","guid":{"rendered":"https:\/\/kadirbas.com\/?post_type=product&#038;p=6555"},"modified":"2026-03-29T20:44:43","modified_gmt":"2026-03-29T17:44:43","slug":"2023-2025-volvo-xc40-far-cami-sag-r-siyah-kenar","status":"publish","type":"product","link":"https:\/\/kadirbas.com\/index.php\/urun\/2023-2025-volvo-xc40-far-cami-sag-r-siyah-kenar\/","title":{"rendered":"2023 2025 VOLVO XC40 FAR CAMI SA\u011e &#8211; R (S\u0130YAH KENAR)"},"content":{"rendered":"<p>2023 2025 VOLVO XC40 FAR CAMI SA\u00c4\u009e &#8211; R (S\u00c4\u00b0YAH KENAR)<\/p>\n","protected":false},"excerpt":{"rendered":"<p>2023 2025 VOLVO XC40 FAR CAMI SA\u00c4\u009e &#8211; R (S\u00c4\u00b0YAH KENAR)<\/p>\n","protected":false},"featured_media":6556,"comment_status":"open","ping_status":"closed","template":"","meta":[],"product_brand":[],"product_cat":[15],"product_tag":[],"class_list":{"0":"post-6555","1":"product","2":"type-product","3":"status-publish","4":"has-post-thumbnail","6":"product_cat-genel","8":"first","9":"instock","10":"sale","11":"shipping-taxable","12":"purchasable","13":"product-type-simple"},"_links":{"self":[{"href":"https:\/\/kadirbas.com\/index.php\/wp-json\/wp\/v2\/product\/6555","targetHints":{"allow":["GET"]}}],"collection":[{"href":"https:\/\/kadirbas.com\/index.php\/wp-json\/wp\/v2\/product"}],"about":[{"href":"https:\/\/kadirbas.com\/index.php\/wp-json\/wp\/v2\/types\/product"}],"replies":[{"embeddable":true,"href":"https:\/\/kadirbas.com\/index.php\/wp-json\/wp\/v2\/comments?post=6555"}],"wp:featuredmedia":[{"embeddable":true,"href":"https:\/\/kadirbas.com\/index.php\/wp-json\/wp\/v2\/media\/6556"}],"wp:attachment":[{"href":"https:\/\/kadirbas.com\/index.php\/wp-json\/wp\/v2\/media?parent=6555"}],"wp:term":[{"taxonomy":"product_brand","embeddable":true,"href":"https:\/\/kadirbas.com\/index.php\/wp-json\/wp\/v2\/product_brand?post=6555"},{"taxonomy":"product_cat","embeddable":true,"href":"https:\/\/kadirbas.com\/index.php\/wp-json\/wp\/v2\/product_cat?post=6555"},{"taxonomy":"product_tag","embeddable":true,"href":"https:\/\/kadirbas.com\/index.php\/wp-json\/wp\/v2\/product_tag?post=6555"}],"curies":[{"name":"wp","href":"https:\/\/api.w.org\/{rel}","templated":true}]}}