{"id":6774,"date":"2025-11-10T06:55:33","date_gmt":"2025-11-10T03:55:33","guid":{"rendered":"https:\/\/kadirbas.com\/?post_type=product&#038;p=6774"},"modified":"2026-03-29T20:45:19","modified_gmt":"2026-03-29T17:45:19","slug":"mini-2014-2019-f56-far-cami-sol-l","status":"publish","type":"product","link":"https:\/\/kadirbas.com\/index.php\/urun\/mini-2014-2019-f56-far-cami-sol-l\/","title":{"rendered":"M\u0130N\u0130 2014-2019 F56 FAR CAMI SOL-L"},"content":{"rendered":"<p>M\u00c4\u00b0N\u00c4\u00b0 2014-2019 F56 FAR CAMI SOL-L<\/p>\n","protected":false},"excerpt":{"rendered":"<p>M\u00c4\u00b0N\u00c4\u00b0 2014-2019 F56 FAR CAMI SOL-L<\/p>\n","protected":false},"featured_media":6773,"comment_status":"open","ping_status":"closed","template":"","meta":[],"product_brand":[],"product_cat":[17],"product_tag":[],"class_list":{"0":"post-6774","1":"product","2":"type-product","3":"status-publish","4":"has-post-thumbnail","6":"product_cat-diger","8":"first","9":"instock","10":"sale","11":"shipping-taxable","12":"purchasable","13":"product-type-simple"},"_links":{"self":[{"href":"https:\/\/kadirbas.com\/index.php\/wp-json\/wp\/v2\/product\/6774","targetHints":{"allow":["GET"]}}],"collection":[{"href":"https:\/\/kadirbas.com\/index.php\/wp-json\/wp\/v2\/product"}],"about":[{"href":"https:\/\/kadirbas.com\/index.php\/wp-json\/wp\/v2\/types\/product"}],"replies":[{"embeddable":true,"href":"https:\/\/kadirbas.com\/index.php\/wp-json\/wp\/v2\/comments?post=6774"}],"wp:featuredmedia":[{"embeddable":true,"href":"https:\/\/kadirbas.com\/index.php\/wp-json\/wp\/v2\/media\/6773"}],"wp:attachment":[{"href":"https:\/\/kadirbas.com\/index.php\/wp-json\/wp\/v2\/media?parent=6774"}],"wp:term":[{"taxonomy":"product_brand","embeddable":true,"href":"https:\/\/kadirbas.com\/index.php\/wp-json\/wp\/v2\/product_brand?post=6774"},{"taxonomy":"product_cat","embeddable":true,"href":"https:\/\/kadirbas.com\/index.php\/wp-json\/wp\/v2\/product_cat?post=6774"},{"taxonomy":"product_tag","embeddable":true,"href":"https:\/\/kadirbas.com\/index.php\/wp-json\/wp\/v2\/product_tag?post=6774"}],"curies":[{"name":"wp","href":"https:\/\/api.w.org\/{rel}","templated":true}]}}