{"id":6796,"date":"2025-11-10T12:16:28","date_gmt":"2025-11-10T09:16:28","guid":{"rendered":"https:\/\/kadirbas.com\/?post_type=product&#038;p=6796"},"modified":"2026-03-29T20:45:27","modified_gmt":"2026-03-29T17:45:27","slug":"bmw-2020-g30-lci-far-kasasi-adaptive-led-sag-r","status":"publish","type":"product","link":"https:\/\/kadirbas.com\/index.php\/urun\/bmw-2020-g30-lci-far-kasasi-adaptive-led-sag-r\/","title":{"rendered":"BMW 2020- G30 LC\u0130 FAR KASASI ADAPTIVE LED SA\u011e &#8211; R"},"content":{"rendered":"<p>BMW 2020- G30 LC\u00c4\u00b0 FAR KASASI ADAPTIVE LED SA\u00c4\u009e &#8211; R<\/p>\n","protected":false},"excerpt":{"rendered":"<p>BMW 2020- G30 LC\u00c4\u00b0 FAR KASASI ADAPTIVE LED SA\u00c4\u009e &#8211; R<\/p>\n","protected":false},"featured_media":6797,"comment_status":"open","ping_status":"closed","template":"","meta":[],"product_brand":[],"product_cat":[17],"product_tag":[],"class_list":{"0":"post-6796","1":"product","2":"type-product","3":"status-publish","4":"has-post-thumbnail","6":"product_cat-diger","8":"first","9":"instock","10":"sale","11":"shipping-taxable","12":"purchasable","13":"product-type-simple"},"_links":{"self":[{"href":"https:\/\/kadirbas.com\/index.php\/wp-json\/wp\/v2\/product\/6796","targetHints":{"allow":["GET"]}}],"collection":[{"href":"https:\/\/kadirbas.com\/index.php\/wp-json\/wp\/v2\/product"}],"about":[{"href":"https:\/\/kadirbas.com\/index.php\/wp-json\/wp\/v2\/types\/product"}],"replies":[{"embeddable":true,"href":"https:\/\/kadirbas.com\/index.php\/wp-json\/wp\/v2\/comments?post=6796"}],"wp:featuredmedia":[{"embeddable":true,"href":"https:\/\/kadirbas.com\/index.php\/wp-json\/wp\/v2\/media\/6797"}],"wp:attachment":[{"href":"https:\/\/kadirbas.com\/index.php\/wp-json\/wp\/v2\/media?parent=6796"}],"wp:term":[{"taxonomy":"product_brand","embeddable":true,"href":"https:\/\/kadirbas.com\/index.php\/wp-json\/wp\/v2\/product_brand?post=6796"},{"taxonomy":"product_cat","embeddable":true,"href":"https:\/\/kadirbas.com\/index.php\/wp-json\/wp\/v2\/product_cat?post=6796"},{"taxonomy":"product_tag","embeddable":true,"href":"https:\/\/kadirbas.com\/index.php\/wp-json\/wp\/v2\/product_tag?post=6796"}],"curies":[{"name":"wp","href":"https:\/\/api.w.org\/{rel}","templated":true}]}}