{"id":7151,"date":"2025-12-02T13:33:51","date_gmt":"2025-12-02T10:33:51","guid":{"rendered":"https:\/\/kadirbas.com\/?post_type=product&#038;p=7151"},"modified":"2026-03-29T20:46:10","modified_gmt":"2026-03-29T17:46:10","slug":"byd-sedan-seal-sedan-far-cami-sag-r-sedan-icin","status":"publish","type":"product","link":"https:\/\/kadirbas.com\/index.php\/urun\/byd-sedan-seal-sedan-far-cami-sag-r-sedan-icin\/","title":{"rendered":"BYD SEDAN SEAL SEDAN FAR CAMI SA\u011e &#8211; R (SEDAN \u0130\u00c7\u0130N)"},"content":{"rendered":"<p>BYD SEDAN SEAL SEDAN FAR CAMI SA\u00c4\u009e &#8211; R <strong>(SEDAN \u00c4\u00b0\u00c3\u0087\u00c4\u00b0N)<\/strong><\/p>\n","protected":false},"excerpt":{"rendered":"<p>BYD SEDAN SEAL SEDAN FAR CAMI SA\u00c4\u009e &#8211; R (SEDAN \u00c4\u00b0\u00c3\u0087\u00c4\u00b0N)<\/p>\n","protected":false},"featured_media":7152,"comment_status":"open","ping_status":"closed","template":"","meta":[],"product_brand":[],"product_cat":[15],"product_tag":[],"class_list":{"0":"post-7151","1":"product","2":"type-product","3":"status-publish","4":"has-post-thumbnail","6":"product_cat-genel","8":"first","9":"instock","10":"sale","11":"shipping-taxable","12":"purchasable","13":"product-type-simple"},"_links":{"self":[{"href":"https:\/\/kadirbas.com\/index.php\/wp-json\/wp\/v2\/product\/7151","targetHints":{"allow":["GET"]}}],"collection":[{"href":"https:\/\/kadirbas.com\/index.php\/wp-json\/wp\/v2\/product"}],"about":[{"href":"https:\/\/kadirbas.com\/index.php\/wp-json\/wp\/v2\/types\/product"}],"replies":[{"embeddable":true,"href":"https:\/\/kadirbas.com\/index.php\/wp-json\/wp\/v2\/comments?post=7151"}],"wp:featuredmedia":[{"embeddable":true,"href":"https:\/\/kadirbas.com\/index.php\/wp-json\/wp\/v2\/media\/7152"}],"wp:attachment":[{"href":"https:\/\/kadirbas.com\/index.php\/wp-json\/wp\/v2\/media?parent=7151"}],"wp:term":[{"taxonomy":"product_brand","embeddable":true,"href":"https:\/\/kadirbas.com\/index.php\/wp-json\/wp\/v2\/product_brand?post=7151"},{"taxonomy":"product_cat","embeddable":true,"href":"https:\/\/kadirbas.com\/index.php\/wp-json\/wp\/v2\/product_cat?post=7151"},{"taxonomy":"product_tag","embeddable":true,"href":"https:\/\/kadirbas.com\/index.php\/wp-json\/wp\/v2\/product_tag?post=7151"}],"curies":[{"name":"wp","href":"https:\/\/api.w.org\/{rel}","templated":true}]}}