{"id":7327,"date":"2025-12-02T15:09:53","date_gmt":"2025-12-02T12:09:53","guid":{"rendered":"https:\/\/kadirbas.com\/?post_type=product&#038;p=7327"},"modified":"2026-03-29T20:46:24","modified_gmt":"2026-03-29T17:46:24","slug":"2019-2023-skoda-superb-stop-cami-sol-ldolu-paket-icin","status":"publish","type":"product","link":"https:\/\/kadirbas.com\/index.php\/urun\/2019-2023-skoda-superb-stop-cami-sol-ldolu-paket-icin\/","title":{"rendered":"2019 2023 SKODA SUPERB STOP CAMI SOL &#8211; L(DOLU PAKET \u0130\u00c7\u0130N)"},"content":{"rendered":"<p>2019 2023 SKODA SUPERB STOP CAMI SOL- L<\/p>\n","protected":false},"excerpt":{"rendered":"<p>2019 2023 SKODA SUPERB STOP CAMI SOL- L<\/p>\n","protected":false},"featured_media":3766,"comment_status":"open","ping_status":"closed","template":"","meta":[],"product_brand":[],"product_cat":[15],"product_tag":[],"class_list":{"0":"post-7327","1":"product","2":"type-product","3":"status-publish","4":"has-post-thumbnail","6":"product_cat-genel","8":"first","9":"instock","10":"sale","11":"shipping-taxable","12":"purchasable","13":"product-type-simple"},"_links":{"self":[{"href":"https:\/\/kadirbas.com\/index.php\/wp-json\/wp\/v2\/product\/7327","targetHints":{"allow":["GET"]}}],"collection":[{"href":"https:\/\/kadirbas.com\/index.php\/wp-json\/wp\/v2\/product"}],"about":[{"href":"https:\/\/kadirbas.com\/index.php\/wp-json\/wp\/v2\/types\/product"}],"replies":[{"embeddable":true,"href":"https:\/\/kadirbas.com\/index.php\/wp-json\/wp\/v2\/comments?post=7327"}],"wp:featuredmedia":[{"embeddable":true,"href":"https:\/\/kadirbas.com\/index.php\/wp-json\/wp\/v2\/media\/3766"}],"wp:attachment":[{"href":"https:\/\/kadirbas.com\/index.php\/wp-json\/wp\/v2\/media?parent=7327"}],"wp:term":[{"taxonomy":"product_brand","embeddable":true,"href":"https:\/\/kadirbas.com\/index.php\/wp-json\/wp\/v2\/product_brand?post=7327"},{"taxonomy":"product_cat","embeddable":true,"href":"https:\/\/kadirbas.com\/index.php\/wp-json\/wp\/v2\/product_cat?post=7327"},{"taxonomy":"product_tag","embeddable":true,"href":"https:\/\/kadirbas.com\/index.php\/wp-json\/wp\/v2\/product_tag?post=7327"}],"curies":[{"name":"wp","href":"https:\/\/api.w.org\/{rel}","templated":true}]}}