{"id":7700,"date":"2025-12-15T06:22:13","date_gmt":"2025-12-15T03:22:13","guid":{"rendered":"https:\/\/kadirbas.com\/?post_type=product&#038;p=7700"},"modified":"2026-03-29T20:46:49","modified_gmt":"2026-03-29T17:46:49","slug":"dacia-2021-204-duster-far-cami-sag-r","status":"publish","type":"product","link":"https:\/\/kadirbas.com\/index.php\/urun\/dacia-2021-204-duster-far-cami-sag-r\/","title":{"rendered":"DAC\u0130A 2021 2024 DUSTER FAR CAMI SA\u011e -R"},"content":{"rendered":"<p>DAC\u00c4\u00b0A 2021 204 DUSTER FAR CAMI SA\u00c4\u009e -R<\/p>\n","protected":false},"excerpt":{"rendered":"<p>DAC\u00c4\u00b0A 2021 204 DUSTER FAR CAMI SA\u00c4\u009e -R<\/p>\n","protected":false},"featured_media":7701,"comment_status":"open","ping_status":"closed","template":"","meta":[],"product_brand":[],"product_cat":[15],"product_tag":[],"class_list":{"0":"post-7700","1":"product","2":"type-product","3":"status-publish","4":"has-post-thumbnail","6":"product_cat-genel","8":"first","9":"instock","10":"sale","11":"shipping-taxable","12":"purchasable","13":"product-type-simple"},"_links":{"self":[{"href":"https:\/\/kadirbas.com\/index.php\/wp-json\/wp\/v2\/product\/7700","targetHints":{"allow":["GET"]}}],"collection":[{"href":"https:\/\/kadirbas.com\/index.php\/wp-json\/wp\/v2\/product"}],"about":[{"href":"https:\/\/kadirbas.com\/index.php\/wp-json\/wp\/v2\/types\/product"}],"replies":[{"embeddable":true,"href":"https:\/\/kadirbas.com\/index.php\/wp-json\/wp\/v2\/comments?post=7700"}],"wp:featuredmedia":[{"embeddable":true,"href":"https:\/\/kadirbas.com\/index.php\/wp-json\/wp\/v2\/media\/7701"}],"wp:attachment":[{"href":"https:\/\/kadirbas.com\/index.php\/wp-json\/wp\/v2\/media?parent=7700"}],"wp:term":[{"taxonomy":"product_brand","embeddable":true,"href":"https:\/\/kadirbas.com\/index.php\/wp-json\/wp\/v2\/product_brand?post=7700"},{"taxonomy":"product_cat","embeddable":true,"href":"https:\/\/kadirbas.com\/index.php\/wp-json\/wp\/v2\/product_cat?post=7700"},{"taxonomy":"product_tag","embeddable":true,"href":"https:\/\/kadirbas.com\/index.php\/wp-json\/wp\/v2\/product_tag?post=7700"}],"curies":[{"name":"wp","href":"https:\/\/api.w.org\/{rel}","templated":true}]}}