{"id":8002,"date":"2026-01-06T06:36:46","date_gmt":"2026-01-06T03:36:46","guid":{"rendered":"https:\/\/kadirbas.com\/?post_type=product&#038;p=8002"},"modified":"2026-03-29T20:46:52","modified_gmt":"2026-03-29T17:46:52","slug":"15-18-bmw-3-serisi-f30-lci-far-cami-sag-r","status":"publish","type":"product","link":"https:\/\/kadirbas.com\/index.php\/urun\/15-18-bmw-3-serisi-f30-lci-far-cami-sag-r\/","title":{"rendered":"15-18 BMW 3 SER\u0130S\u0130 F30 LC\u0130 FAR CAMI &#8211; SA\u011e-R"},"content":{"rendered":"<p>15-18 BMW 3 SER\u00c4\u00b0S\u00c4\u00b0 F30 LC\u00c4\u00b0 FAR CAMI &#8211; SA\u00c4\u009e-R<\/p>\n","protected":false},"excerpt":{"rendered":"<p>15-18 BMW 3 SER\u00c4\u00b0S\u00c4\u00b0 F30 LC\u00c4\u00b0 FAR CAMI &#8211; SA\u00c4\u009e-R<\/p>\n","protected":false},"featured_media":8001,"comment_status":"open","ping_status":"closed","template":"","meta":[],"product_brand":[],"product_cat":[17],"product_tag":[],"class_list":{"0":"post-8002","1":"product","2":"type-product","3":"status-publish","4":"has-post-thumbnail","6":"product_cat-diger","8":"first","9":"instock","10":"sale","11":"shipping-taxable","12":"purchasable","13":"product-type-simple"},"_links":{"self":[{"href":"https:\/\/kadirbas.com\/index.php\/wp-json\/wp\/v2\/product\/8002","targetHints":{"allow":["GET"]}}],"collection":[{"href":"https:\/\/kadirbas.com\/index.php\/wp-json\/wp\/v2\/product"}],"about":[{"href":"https:\/\/kadirbas.com\/index.php\/wp-json\/wp\/v2\/types\/product"}],"replies":[{"embeddable":true,"href":"https:\/\/kadirbas.com\/index.php\/wp-json\/wp\/v2\/comments?post=8002"}],"wp:featuredmedia":[{"embeddable":true,"href":"https:\/\/kadirbas.com\/index.php\/wp-json\/wp\/v2\/media\/8001"}],"wp:attachment":[{"href":"https:\/\/kadirbas.com\/index.php\/wp-json\/wp\/v2\/media?parent=8002"}],"wp:term":[{"taxonomy":"product_brand","embeddable":true,"href":"https:\/\/kadirbas.com\/index.php\/wp-json\/wp\/v2\/product_brand?post=8002"},{"taxonomy":"product_cat","embeddable":true,"href":"https:\/\/kadirbas.com\/index.php\/wp-json\/wp\/v2\/product_cat?post=8002"},{"taxonomy":"product_tag","embeddable":true,"href":"https:\/\/kadirbas.com\/index.php\/wp-json\/wp\/v2\/product_tag?post=8002"}],"curies":[{"name":"wp","href":"https:\/\/api.w.org\/{rel}","templated":true}]}}