{"id":8004,"date":"2026-01-06T07:58:33","date_gmt":"2026-01-06T04:58:33","guid":{"rendered":"https:\/\/kadirbas.com\/?post_type=product&#038;p=8004"},"modified":"2026-03-29T20:46:53","modified_gmt":"2026-03-29T17:46:53","slug":"mercedes-c-serisi-2011-2014-w204-far-kasasi-sol-l","status":"publish","type":"product","link":"https:\/\/kadirbas.com\/index.php\/urun\/mercedes-c-serisi-2011-2014-w204-far-kasasi-sol-l\/","title":{"rendered":"MERCEDES C SER\u0130S\u0130 2011 2014 W204 FAR KASASI SOL &#8211; L"},"content":{"rendered":"<p>MERCEDES C SER\u00c4\u00b0S\u00c4\u00b0 2011 2014 W204 FAR KASASI SOL &#8211; L<\/p>\n","protected":false},"excerpt":{"rendered":"<p>MERCEDES C SER\u00c4\u00b0S\u00c4\u00b0 2011 2014 W204 FAR KASASI SOL &#8211; L<\/p>\n","protected":false},"featured_media":8005,"comment_status":"open","ping_status":"closed","template":"","meta":[],"product_brand":[],"product_cat":[17],"product_tag":[],"class_list":{"0":"post-8004","1":"product","2":"type-product","3":"status-publish","4":"has-post-thumbnail","6":"product_cat-diger","8":"first","9":"instock","10":"sale","11":"shipping-taxable","12":"purchasable","13":"product-type-simple"},"_links":{"self":[{"href":"https:\/\/kadirbas.com\/index.php\/wp-json\/wp\/v2\/product\/8004","targetHints":{"allow":["GET"]}}],"collection":[{"href":"https:\/\/kadirbas.com\/index.php\/wp-json\/wp\/v2\/product"}],"about":[{"href":"https:\/\/kadirbas.com\/index.php\/wp-json\/wp\/v2\/types\/product"}],"replies":[{"embeddable":true,"href":"https:\/\/kadirbas.com\/index.php\/wp-json\/wp\/v2\/comments?post=8004"}],"wp:featuredmedia":[{"embeddable":true,"href":"https:\/\/kadirbas.com\/index.php\/wp-json\/wp\/v2\/media\/8005"}],"wp:attachment":[{"href":"https:\/\/kadirbas.com\/index.php\/wp-json\/wp\/v2\/media?parent=8004"}],"wp:term":[{"taxonomy":"product_brand","embeddable":true,"href":"https:\/\/kadirbas.com\/index.php\/wp-json\/wp\/v2\/product_brand?post=8004"},{"taxonomy":"product_cat","embeddable":true,"href":"https:\/\/kadirbas.com\/index.php\/wp-json\/wp\/v2\/product_cat?post=8004"},{"taxonomy":"product_tag","embeddable":true,"href":"https:\/\/kadirbas.com\/index.php\/wp-json\/wp\/v2\/product_tag?post=8004"}],"curies":[{"name":"wp","href":"https:\/\/api.w.org\/{rel}","templated":true}]}}