{"id":8053,"date":"2026-01-08T13:03:06","date_gmt":"2026-01-08T10:03:06","guid":{"rendered":"https:\/\/kadirbas.com\/?post_type=product&#038;p=8053"},"modified":"2026-03-29T20:46:54","modified_gmt":"2026-03-29T17:46:54","slug":"21-23-bmw-5-serisi-g30-lci-far-cami-sol-l","status":"publish","type":"product","link":"https:\/\/kadirbas.com\/index.php\/urun\/21-23-bmw-5-serisi-g30-lci-far-cami-sol-l\/","title":{"rendered":"21-23 BMW 5 SER\u0130S\u0130 G30 LC\u0130 FAR CAMI SOL-L"},"content":{"rendered":"<p>21-23 BMW 5 SER\u00c4\u00b0S\u00c4\u00b0 G30 LC\u00c4\u00b0 FAR CAMI SOL-L<\/p>\n","protected":false},"excerpt":{"rendered":"<p>21-23 BMW 5 SER\u00c4\u00b0S\u00c4\u00b0 G30 LC\u00c4\u00b0 FAR CAMI SOL-L<\/p>\n","protected":false},"featured_media":4300,"comment_status":"open","ping_status":"closed","template":"","meta":[],"product_brand":[],"product_cat":[17],"product_tag":[],"class_list":{"0":"post-8053","1":"product","2":"type-product","3":"status-publish","4":"has-post-thumbnail","6":"product_cat-diger","8":"first","9":"instock","10":"sale","11":"shipping-taxable","12":"purchasable","13":"product-type-simple"},"_links":{"self":[{"href":"https:\/\/kadirbas.com\/index.php\/wp-json\/wp\/v2\/product\/8053","targetHints":{"allow":["GET"]}}],"collection":[{"href":"https:\/\/kadirbas.com\/index.php\/wp-json\/wp\/v2\/product"}],"about":[{"href":"https:\/\/kadirbas.com\/index.php\/wp-json\/wp\/v2\/types\/product"}],"replies":[{"embeddable":true,"href":"https:\/\/kadirbas.com\/index.php\/wp-json\/wp\/v2\/comments?post=8053"}],"wp:featuredmedia":[{"embeddable":true,"href":"https:\/\/kadirbas.com\/index.php\/wp-json\/wp\/v2\/media\/4300"}],"wp:attachment":[{"href":"https:\/\/kadirbas.com\/index.php\/wp-json\/wp\/v2\/media?parent=8053"}],"wp:term":[{"taxonomy":"product_brand","embeddable":true,"href":"https:\/\/kadirbas.com\/index.php\/wp-json\/wp\/v2\/product_brand?post=8053"},{"taxonomy":"product_cat","embeddable":true,"href":"https:\/\/kadirbas.com\/index.php\/wp-json\/wp\/v2\/product_cat?post=8053"},{"taxonomy":"product_tag","embeddable":true,"href":"https:\/\/kadirbas.com\/index.php\/wp-json\/wp\/v2\/product_tag?post=8053"}],"curies":[{"name":"wp","href":"https:\/\/api.w.org\/{rel}","templated":true}]}}