{"id":8285,"date":"2026-01-27T11:05:24","date_gmt":"2026-01-27T08:05:24","guid":{"rendered":"https:\/\/kadirbas.com\/?post_type=product&#038;p=8285"},"modified":"2026-03-29T20:47:11","modified_gmt":"2026-03-29T17:47:11","slug":"infiniti-fx30-2009-2013-far-cami-sag-r","status":"publish","type":"product","link":"https:\/\/kadirbas.com\/index.php\/urun\/infiniti-fx30-2009-2013-far-cami-sag-r\/","title":{"rendered":"\u0130NF\u0130N\u0130T\u0130 FX30 &#8211; FX35 2009 2013 FAR CAMI TAKIM"},"content":{"rendered":"<p>\u00c4\u00b0NF\u00c4\u00b0N\u00c4\u00b0T\u00c4\u00b0 FX30 2009 2013 FAR CAMI TAKIM<\/p>\n","protected":false},"excerpt":{"rendered":"<p>\u00c4\u00b0NF\u00c4\u00b0N\u00c4\u00b0T\u00c4\u00b0 FX30 2009 2013 FAR CAMI TAKIM<\/p>\n","protected":false},"featured_media":8286,"comment_status":"open","ping_status":"closed","template":"","meta":[],"product_brand":[],"product_cat":[15],"product_tag":[],"class_list":{"0":"post-8285","1":"product","2":"type-product","3":"status-publish","4":"has-post-thumbnail","6":"product_cat-genel","8":"first","9":"instock","10":"sale","11":"shipping-taxable","12":"purchasable","13":"product-type-simple"},"_links":{"self":[{"href":"https:\/\/kadirbas.com\/index.php\/wp-json\/wp\/v2\/product\/8285","targetHints":{"allow":["GET"]}}],"collection":[{"href":"https:\/\/kadirbas.com\/index.php\/wp-json\/wp\/v2\/product"}],"about":[{"href":"https:\/\/kadirbas.com\/index.php\/wp-json\/wp\/v2\/types\/product"}],"replies":[{"embeddable":true,"href":"https:\/\/kadirbas.com\/index.php\/wp-json\/wp\/v2\/comments?post=8285"}],"wp:featuredmedia":[{"embeddable":true,"href":"https:\/\/kadirbas.com\/index.php\/wp-json\/wp\/v2\/media\/8286"}],"wp:attachment":[{"href":"https:\/\/kadirbas.com\/index.php\/wp-json\/wp\/v2\/media?parent=8285"}],"wp:term":[{"taxonomy":"product_brand","embeddable":true,"href":"https:\/\/kadirbas.com\/index.php\/wp-json\/wp\/v2\/product_brand?post=8285"},{"taxonomy":"product_cat","embeddable":true,"href":"https:\/\/kadirbas.com\/index.php\/wp-json\/wp\/v2\/product_cat?post=8285"},{"taxonomy":"product_tag","embeddable":true,"href":"https:\/\/kadirbas.com\/index.php\/wp-json\/wp\/v2\/product_tag?post=8285"}],"curies":[{"name":"wp","href":"https:\/\/api.w.org\/{rel}","templated":true}]}}