{"id":8302,"date":"2026-01-27T11:17:31","date_gmt":"2026-01-27T08:17:31","guid":{"rendered":"https:\/\/kadirbas.com\/?post_type=product&#038;p=8302"},"modified":"2026-03-29T20:47:13","modified_gmt":"2026-03-29T17:47:13","slug":"volksvagen-tiguan-stop-cami-sag-bos-paket-uyumlu","status":"publish","type":"product","link":"https:\/\/kadirbas.com\/index.php\/urun\/volksvagen-tiguan-stop-cami-sag-bos-paket-uyumlu\/","title":{"rendered":"VOLKSVAGEN T\u0130GUAN STOP CAMI SA\u011e (BO\u015e PAKET UYUMLU)"},"content":{"rendered":"<p>VOLKSVAGEN T\u00c4\u00b0GUAN STOP CAMI SA\u00c4\u009e (BO\u00c5\u009e PAKET UYUMLU)<\/p>\n","protected":false},"excerpt":{"rendered":"<p>VOLKSVAGEN T\u00c4\u00b0GUAN STOP CAMI SA\u00c4\u009e (BO\u00c5\u009e PAKET UYUMLU)<\/p>\n","protected":false},"featured_media":8303,"comment_status":"open","ping_status":"closed","template":"","meta":[],"product_brand":[],"product_cat":[15],"product_tag":[],"class_list":{"0":"post-8302","1":"product","2":"type-product","3":"status-publish","4":"has-post-thumbnail","6":"product_cat-genel","8":"first","9":"instock","10":"sale","11":"shipping-taxable","12":"purchasable","13":"product-type-simple"},"_links":{"self":[{"href":"https:\/\/kadirbas.com\/index.php\/wp-json\/wp\/v2\/product\/8302","targetHints":{"allow":["GET"]}}],"collection":[{"href":"https:\/\/kadirbas.com\/index.php\/wp-json\/wp\/v2\/product"}],"about":[{"href":"https:\/\/kadirbas.com\/index.php\/wp-json\/wp\/v2\/types\/product"}],"replies":[{"embeddable":true,"href":"https:\/\/kadirbas.com\/index.php\/wp-json\/wp\/v2\/comments?post=8302"}],"wp:featuredmedia":[{"embeddable":true,"href":"https:\/\/kadirbas.com\/index.php\/wp-json\/wp\/v2\/media\/8303"}],"wp:attachment":[{"href":"https:\/\/kadirbas.com\/index.php\/wp-json\/wp\/v2\/media?parent=8302"}],"wp:term":[{"taxonomy":"product_brand","embeddable":true,"href":"https:\/\/kadirbas.com\/index.php\/wp-json\/wp\/v2\/product_brand?post=8302"},{"taxonomy":"product_cat","embeddable":true,"href":"https:\/\/kadirbas.com\/index.php\/wp-json\/wp\/v2\/product_cat?post=8302"},{"taxonomy":"product_tag","embeddable":true,"href":"https:\/\/kadirbas.com\/index.php\/wp-json\/wp\/v2\/product_tag?post=8302"}],"curies":[{"name":"wp","href":"https:\/\/api.w.org\/{rel}","templated":true}]}}