{"id":8305,"date":"2026-01-27T11:19:13","date_gmt":"2026-01-27T08:19:13","guid":{"rendered":"https:\/\/kadirbas.com\/?post_type=product&#038;p=8305"},"modified":"2026-03-29T20:47:14","modified_gmt":"2026-03-29T17:47:14","slug":"ford-mondeo-2010-2013-ic-stop-cami-sag-r","status":"publish","type":"product","link":"https:\/\/kadirbas.com\/index.php\/urun\/ford-mondeo-2010-2013-ic-stop-cami-sag-r\/","title":{"rendered":"FORD MONDEO 2010 2013 \u0130\u00c7 STOP CAMI SA\u011e &#8211; R"},"content":{"rendered":"<p>FORD MONDEO 2010 2013 \u0130\u00c7 STOP CAMI SA\u011e &#8211; R<\/p>\n","protected":false},"excerpt":{"rendered":"<p>FORD MONDEO 2010 2013 \u0130\u00c7 STOP CAMI SA\u011e &#8211; R<\/p>\n","protected":false},"featured_media":8306,"comment_status":"open","ping_status":"closed","template":"","meta":[],"product_brand":[],"product_cat":[15],"product_tag":[],"class_list":{"0":"post-8305","1":"product","2":"type-product","3":"status-publish","4":"has-post-thumbnail","6":"product_cat-genel","8":"first","9":"instock","10":"sale","11":"shipping-taxable","12":"purchasable","13":"product-type-simple"},"_links":{"self":[{"href":"https:\/\/kadirbas.com\/index.php\/wp-json\/wp\/v2\/product\/8305","targetHints":{"allow":["GET"]}}],"collection":[{"href":"https:\/\/kadirbas.com\/index.php\/wp-json\/wp\/v2\/product"}],"about":[{"href":"https:\/\/kadirbas.com\/index.php\/wp-json\/wp\/v2\/types\/product"}],"replies":[{"embeddable":true,"href":"https:\/\/kadirbas.com\/index.php\/wp-json\/wp\/v2\/comments?post=8305"}],"wp:featuredmedia":[{"embeddable":true,"href":"https:\/\/kadirbas.com\/index.php\/wp-json\/wp\/v2\/media\/8306"}],"wp:attachment":[{"href":"https:\/\/kadirbas.com\/index.php\/wp-json\/wp\/v2\/media?parent=8305"}],"wp:term":[{"taxonomy":"product_brand","embeddable":true,"href":"https:\/\/kadirbas.com\/index.php\/wp-json\/wp\/v2\/product_brand?post=8305"},{"taxonomy":"product_cat","embeddable":true,"href":"https:\/\/kadirbas.com\/index.php\/wp-json\/wp\/v2\/product_cat?post=8305"},{"taxonomy":"product_tag","embeddable":true,"href":"https:\/\/kadirbas.com\/index.php\/wp-json\/wp\/v2\/product_tag?post=8305"}],"curies":[{"name":"wp","href":"https:\/\/api.w.org\/{rel}","templated":true}]}}