{"id":8326,"date":"2026-01-27T11:35:52","date_gmt":"2026-01-27T08:35:52","guid":{"rendered":"https:\/\/kadirbas.com\/?post_type=product&#038;p=8326"},"modified":"2026-03-29T20:47:19","modified_gmt":"2026-03-29T17:47:19","slug":"audi-a3-2016-2019-matrix-far-kasasi-sag-r","status":"publish","type":"product","link":"https:\/\/kadirbas.com\/index.php\/urun\/audi-a3-2016-2019-matrix-far-kasasi-sag-r\/","title":{"rendered":"AUD\u0130 A3 2016 2019 MATR\u0130X FAR KASASI SA\u011e &#8211; R"},"content":{"rendered":"<p>AUD\u00c4\u00b0 A3 2016 2019 MATR\u00c4\u00b0X FAR KASASI SA\u00c4\u009e &#8211; R<\/p>\n","protected":false},"excerpt":{"rendered":"<p>AUD\u00c4\u00b0 A3 2016 2019 MATR\u00c4\u00b0X FAR KASASI SA\u00c4\u009e &#8211; R<\/p>\n","protected":false},"featured_media":8327,"comment_status":"open","ping_status":"closed","template":"","meta":[],"product_brand":[],"product_cat":[15],"product_tag":[],"class_list":{"0":"post-8326","1":"product","2":"type-product","3":"status-publish","4":"has-post-thumbnail","6":"product_cat-genel","8":"first","9":"instock","10":"sale","11":"shipping-taxable","12":"purchasable","13":"product-type-simple"},"_links":{"self":[{"href":"https:\/\/kadirbas.com\/index.php\/wp-json\/wp\/v2\/product\/8326","targetHints":{"allow":["GET"]}}],"collection":[{"href":"https:\/\/kadirbas.com\/index.php\/wp-json\/wp\/v2\/product"}],"about":[{"href":"https:\/\/kadirbas.com\/index.php\/wp-json\/wp\/v2\/types\/product"}],"replies":[{"embeddable":true,"href":"https:\/\/kadirbas.com\/index.php\/wp-json\/wp\/v2\/comments?post=8326"}],"wp:featuredmedia":[{"embeddable":true,"href":"https:\/\/kadirbas.com\/index.php\/wp-json\/wp\/v2\/media\/8327"}],"wp:attachment":[{"href":"https:\/\/kadirbas.com\/index.php\/wp-json\/wp\/v2\/media?parent=8326"}],"wp:term":[{"taxonomy":"product_brand","embeddable":true,"href":"https:\/\/kadirbas.com\/index.php\/wp-json\/wp\/v2\/product_brand?post=8326"},{"taxonomy":"product_cat","embeddable":true,"href":"https:\/\/kadirbas.com\/index.php\/wp-json\/wp\/v2\/product_cat?post=8326"},{"taxonomy":"product_tag","embeddable":true,"href":"https:\/\/kadirbas.com\/index.php\/wp-json\/wp\/v2\/product_tag?post=8326"}],"curies":[{"name":"wp","href":"https:\/\/api.w.org\/{rel}","templated":true}]}}