{"id":8437,"date":"2026-01-29T11:31:18","date_gmt":"2026-01-29T08:31:18","guid":{"rendered":"https:\/\/kadirbas.com\/?post_type=product&#038;p=8437"},"modified":"2026-03-29T20:47:29","modified_gmt":"2026-03-29T17:47:29","slug":"16-18-bmw-3-serisi-f30-lci-far-kasasi-sol-l","status":"publish","type":"product","link":"https:\/\/kadirbas.com\/index.php\/urun\/16-18-bmw-3-serisi-f30-lci-far-kasasi-sol-l\/","title":{"rendered":"16-18 BMW 3 SER\u0130S\u0130 F30 LC\u0130 FAR KASASI SOL-L"},"content":{"rendered":"<p>16-18 BMW 3 SER\u00c4\u00b0S\u00c4\u00b0 F30 LC\u00c4\u00b0 FAR KASASI SOL-L<\/p>\n","protected":false},"excerpt":{"rendered":"<p>16-18 BMW 3 SER\u00c4\u00b0S\u00c4\u00b0 F30 LC\u00c4\u00b0 FAR KASASI SOL-L<\/p>\n","protected":false},"featured_media":8438,"comment_status":"open","ping_status":"closed","template":"","meta":[],"product_brand":[],"product_cat":[17],"product_tag":[],"class_list":{"0":"post-8437","1":"product","2":"type-product","3":"status-publish","4":"has-post-thumbnail","6":"product_cat-diger","8":"first","9":"instock","10":"sale","11":"shipping-taxable","12":"purchasable","13":"product-type-simple"},"_links":{"self":[{"href":"https:\/\/kadirbas.com\/index.php\/wp-json\/wp\/v2\/product\/8437","targetHints":{"allow":["GET"]}}],"collection":[{"href":"https:\/\/kadirbas.com\/index.php\/wp-json\/wp\/v2\/product"}],"about":[{"href":"https:\/\/kadirbas.com\/index.php\/wp-json\/wp\/v2\/types\/product"}],"replies":[{"embeddable":true,"href":"https:\/\/kadirbas.com\/index.php\/wp-json\/wp\/v2\/comments?post=8437"}],"wp:featuredmedia":[{"embeddable":true,"href":"https:\/\/kadirbas.com\/index.php\/wp-json\/wp\/v2\/media\/8438"}],"wp:attachment":[{"href":"https:\/\/kadirbas.com\/index.php\/wp-json\/wp\/v2\/media?parent=8437"}],"wp:term":[{"taxonomy":"product_brand","embeddable":true,"href":"https:\/\/kadirbas.com\/index.php\/wp-json\/wp\/v2\/product_brand?post=8437"},{"taxonomy":"product_cat","embeddable":true,"href":"https:\/\/kadirbas.com\/index.php\/wp-json\/wp\/v2\/product_cat?post=8437"},{"taxonomy":"product_tag","embeddable":true,"href":"https:\/\/kadirbas.com\/index.php\/wp-json\/wp\/v2\/product_tag?post=8437"}],"curies":[{"name":"wp","href":"https:\/\/api.w.org\/{rel}","templated":true}]}}