{"id":8778,"date":"2026-03-14T07:47:54","date_gmt":"2026-03-14T04:47:54","guid":{"rendered":"https:\/\/kadirbas.com\/?post_type=product&#038;p=8778"},"modified":"2026-03-29T20:47:36","modified_gmt":"2026-03-29T17:47:36","slug":"bmw-2024-2026-g26-lci-far-cami-sag-r","status":"publish","type":"product","link":"https:\/\/kadirbas.com\/index.php\/urun\/bmw-2024-2026-g26-lci-far-cami-sag-r\/","title":{"rendered":"BMW 2024-2026 G26 LC\u0130 FAR CAMI SA\u011e &#8211; R"},"content":{"rendered":"<p>BMW 2024-2026 G26 LC\u00c4\u00b0 FAR CAMI SA\u00c4\u009e &#8211; R<\/p>\n","protected":false},"excerpt":{"rendered":"<p>BMW 2024-2026 G26 LC\u00c4\u00b0 FAR CAMI SA\u00c4\u009e &#8211; R<\/p>\n","protected":false},"featured_media":8779,"comment_status":"open","ping_status":"closed","template":"","meta":[],"product_brand":[],"product_cat":[17],"product_tag":[],"class_list":{"0":"post-8778","1":"product","2":"type-product","3":"status-publish","4":"has-post-thumbnail","6":"product_cat-diger","8":"first","9":"instock","10":"sale","11":"shipping-taxable","12":"purchasable","13":"product-type-simple"},"_links":{"self":[{"href":"https:\/\/kadirbas.com\/index.php\/wp-json\/wp\/v2\/product\/8778","targetHints":{"allow":["GET"]}}],"collection":[{"href":"https:\/\/kadirbas.com\/index.php\/wp-json\/wp\/v2\/product"}],"about":[{"href":"https:\/\/kadirbas.com\/index.php\/wp-json\/wp\/v2\/types\/product"}],"replies":[{"embeddable":true,"href":"https:\/\/kadirbas.com\/index.php\/wp-json\/wp\/v2\/comments?post=8778"}],"wp:featuredmedia":[{"embeddable":true,"href":"https:\/\/kadirbas.com\/index.php\/wp-json\/wp\/v2\/media\/8779"}],"wp:attachment":[{"href":"https:\/\/kadirbas.com\/index.php\/wp-json\/wp\/v2\/media?parent=8778"}],"wp:term":[{"taxonomy":"product_brand","embeddable":true,"href":"https:\/\/kadirbas.com\/index.php\/wp-json\/wp\/v2\/product_brand?post=8778"},{"taxonomy":"product_cat","embeddable":true,"href":"https:\/\/kadirbas.com\/index.php\/wp-json\/wp\/v2\/product_cat?post=8778"},{"taxonomy":"product_tag","embeddable":true,"href":"https:\/\/kadirbas.com\/index.php\/wp-json\/wp\/v2\/product_tag?post=8778"}],"curies":[{"name":"wp","href":"https:\/\/api.w.org\/{rel}","templated":true}]}}