{"id":8790,"date":"2026-03-14T07:58:34","date_gmt":"2026-03-14T04:58:34","guid":{"rendered":"https:\/\/kadirbas.com\/?post_type=product&#038;p=8790"},"modified":"2026-03-29T20:47:43","modified_gmt":"2026-03-29T17:47:43","slug":"mercedes-11-13-c-serisi-w204-makyajli-far-cami-takim","status":"publish","type":"product","link":"https:\/\/kadirbas.com\/index.php\/urun\/mercedes-11-13-c-serisi-w204-makyajli-far-cami-takim\/","title":{"rendered":"MERCEDES 11-13 C SER\u0130S\u0130 W204 MAKYAJLI FAR CAMI TAKIM"},"content":{"rendered":"<p>MERCEDES 11-13 C SER\u00c4\u00b0S\u00c4\u00b0 W204 MAKYAJLI FAR CAMI TAKIM<\/p>\n","protected":false},"excerpt":{"rendered":"<p>MERCEDES 11-13 C SER\u00c4\u00b0S\u00c4\u00b0 W204 MAKYAJLI FAR CAMI TAKIM<\/p>\n","protected":false},"featured_media":8789,"comment_status":"open","ping_status":"closed","template":"","meta":[],"product_brand":[],"product_cat":[17],"product_tag":[],"class_list":{"0":"post-8790","1":"product","2":"type-product","3":"status-publish","4":"has-post-thumbnail","6":"product_cat-diger","8":"first","9":"instock","10":"sale","11":"shipping-taxable","12":"purchasable","13":"product-type-simple"},"_links":{"self":[{"href":"https:\/\/kadirbas.com\/index.php\/wp-json\/wp\/v2\/product\/8790","targetHints":{"allow":["GET"]}}],"collection":[{"href":"https:\/\/kadirbas.com\/index.php\/wp-json\/wp\/v2\/product"}],"about":[{"href":"https:\/\/kadirbas.com\/index.php\/wp-json\/wp\/v2\/types\/product"}],"replies":[{"embeddable":true,"href":"https:\/\/kadirbas.com\/index.php\/wp-json\/wp\/v2\/comments?post=8790"}],"wp:featuredmedia":[{"embeddable":true,"href":"https:\/\/kadirbas.com\/index.php\/wp-json\/wp\/v2\/media\/8789"}],"wp:attachment":[{"href":"https:\/\/kadirbas.com\/index.php\/wp-json\/wp\/v2\/media?parent=8790"}],"wp:term":[{"taxonomy":"product_brand","embeddable":true,"href":"https:\/\/kadirbas.com\/index.php\/wp-json\/wp\/v2\/product_brand?post=8790"},{"taxonomy":"product_cat","embeddable":true,"href":"https:\/\/kadirbas.com\/index.php\/wp-json\/wp\/v2\/product_cat?post=8790"},{"taxonomy":"product_tag","embeddable":true,"href":"https:\/\/kadirbas.com\/index.php\/wp-json\/wp\/v2\/product_tag?post=8790"}],"curies":[{"name":"wp","href":"https:\/\/api.w.org\/{rel}","templated":true}]}}