{"id":8796,"date":"2026-03-14T08:05:00","date_gmt":"2026-03-14T05:05:00","guid":{"rendered":"https:\/\/kadirbas.com\/?post_type=product&#038;p=8796"},"modified":"2026-03-29T20:47:45","modified_gmt":"2026-03-29T17:47:45","slug":"10-13-3-serisi-coupe-e92-lci-far-cami-takim","status":"publish","type":"product","link":"https:\/\/kadirbas.com\/index.php\/urun\/10-13-3-serisi-coupe-e92-lci-far-cami-takim\/","title":{"rendered":"BMW 10-13 3 SER\u0130S\u0130 COUPE E92 LC\u0130 FAR CAMI TAKIM"},"content":{"rendered":"<p>10-13 3 SER\u00c4\u00b0S\u00c4\u00b0 COUPE E92 LC\u00c4\u00b0 FAR CAMI TAKIM<\/p>\n","protected":false},"excerpt":{"rendered":"<p>10-13 3 SER\u00c4\u00b0S\u00c4\u00b0 COUPE E92 LC\u00c4\u00b0 FAR CAMI TAKIM<\/p>\n","protected":false},"featured_media":8795,"comment_status":"open","ping_status":"closed","template":"","meta":[],"product_brand":[],"product_cat":[17],"product_tag":[],"class_list":{"0":"post-8796","1":"product","2":"type-product","3":"status-publish","4":"has-post-thumbnail","6":"product_cat-diger","8":"first","9":"instock","10":"sale","11":"shipping-taxable","12":"purchasable","13":"product-type-simple"},"_links":{"self":[{"href":"https:\/\/kadirbas.com\/index.php\/wp-json\/wp\/v2\/product\/8796","targetHints":{"allow":["GET"]}}],"collection":[{"href":"https:\/\/kadirbas.com\/index.php\/wp-json\/wp\/v2\/product"}],"about":[{"href":"https:\/\/kadirbas.com\/index.php\/wp-json\/wp\/v2\/types\/product"}],"replies":[{"embeddable":true,"href":"https:\/\/kadirbas.com\/index.php\/wp-json\/wp\/v2\/comments?post=8796"}],"wp:featuredmedia":[{"embeddable":true,"href":"https:\/\/kadirbas.com\/index.php\/wp-json\/wp\/v2\/media\/8795"}],"wp:attachment":[{"href":"https:\/\/kadirbas.com\/index.php\/wp-json\/wp\/v2\/media?parent=8796"}],"wp:term":[{"taxonomy":"product_brand","embeddable":true,"href":"https:\/\/kadirbas.com\/index.php\/wp-json\/wp\/v2\/product_brand?post=8796"},{"taxonomy":"product_cat","embeddable":true,"href":"https:\/\/kadirbas.com\/index.php\/wp-json\/wp\/v2\/product_cat?post=8796"},{"taxonomy":"product_tag","embeddable":true,"href":"https:\/\/kadirbas.com\/index.php\/wp-json\/wp\/v2\/product_tag?post=8796"}],"curies":[{"name":"wp","href":"https:\/\/api.w.org\/{rel}","templated":true}]}}