{"id":8797,"date":"2026-03-14T08:09:24","date_gmt":"2026-03-14T05:09:24","guid":{"rendered":"https:\/\/kadirbas.com\/?post_type=product&#038;p=8797"},"modified":"2026-03-29T20:47:46","modified_gmt":"2026-03-29T17:47:46","slug":"mercedes-24-25-e-serisi-w214-far-cami-sol-l-2","status":"publish","type":"product","link":"https:\/\/kadirbas.com\/index.php\/urun\/mercedes-24-25-e-serisi-w214-far-cami-sol-l-2\/","title":{"rendered":"MERCEDES 24-25 E SER\u0130S\u0130 W214 FAR CAMI SOL-L"},"content":{"rendered":"<p>MERCEDES 24-25 E SER\u00c4\u00b0S\u00c4\u00b0 W214 FAR CAMI SOL-L<\/p>\n","protected":false},"excerpt":{"rendered":"<p>MERCEDES 24-25 E SER\u00c4\u00b0S\u00c4\u00b0 W214 FAR CAMI SOL-L<\/p>\n","protected":false},"featured_media":8798,"comment_status":"open","ping_status":"closed","template":"","meta":[],"product_brand":[],"product_cat":[17],"product_tag":[],"class_list":{"0":"post-8797","1":"product","2":"type-product","3":"status-publish","4":"has-post-thumbnail","6":"product_cat-diger","8":"first","9":"instock","10":"sale","11":"shipping-taxable","12":"purchasable","13":"product-type-simple"},"_links":{"self":[{"href":"https:\/\/kadirbas.com\/index.php\/wp-json\/wp\/v2\/product\/8797","targetHints":{"allow":["GET"]}}],"collection":[{"href":"https:\/\/kadirbas.com\/index.php\/wp-json\/wp\/v2\/product"}],"about":[{"href":"https:\/\/kadirbas.com\/index.php\/wp-json\/wp\/v2\/types\/product"}],"replies":[{"embeddable":true,"href":"https:\/\/kadirbas.com\/index.php\/wp-json\/wp\/v2\/comments?post=8797"}],"wp:featuredmedia":[{"embeddable":true,"href":"https:\/\/kadirbas.com\/index.php\/wp-json\/wp\/v2\/media\/8798"}],"wp:attachment":[{"href":"https:\/\/kadirbas.com\/index.php\/wp-json\/wp\/v2\/media?parent=8797"}],"wp:term":[{"taxonomy":"product_brand","embeddable":true,"href":"https:\/\/kadirbas.com\/index.php\/wp-json\/wp\/v2\/product_brand?post=8797"},{"taxonomy":"product_cat","embeddable":true,"href":"https:\/\/kadirbas.com\/index.php\/wp-json\/wp\/v2\/product_cat?post=8797"},{"taxonomy":"product_tag","embeddable":true,"href":"https:\/\/kadirbas.com\/index.php\/wp-json\/wp\/v2\/product_tag?post=8797"}],"curies":[{"name":"wp","href":"https:\/\/api.w.org\/{rel}","templated":true}]}}