{"id":8819,"date":"2026-03-14T12:42:55","date_gmt":"2026-03-14T09:42:55","guid":{"rendered":"https:\/\/kadirbas.com\/?post_type=product&#038;p=8819"},"modified":"2026-03-29T20:47:55","modified_gmt":"2026-03-29T17:47:55","slug":"byd-seal-u-dmi-jip-stop-cami-sol-l","status":"publish","type":"product","link":"https:\/\/kadirbas.com\/index.php\/urun\/byd-seal-u-dmi-jip-stop-cami-sol-l\/","title":{"rendered":"BYD SEAL U DM\u0130 J\u0130P STOP CAMI SOL &#8211; L"},"content":{"rendered":"<p>BYD SEAL U DM\u00c4\u00b0 J\u00c4\u00b0P STOP CAMI SOL &#8211; L<\/p>\n","protected":false},"excerpt":{"rendered":"<p>BYD SEAL U DM\u00c4\u00b0 J\u00c4\u00b0P STOP CAMI SOL &#8211; L<\/p>\n","protected":false},"featured_media":8818,"comment_status":"open","ping_status":"closed","template":"","meta":[],"product_brand":[],"product_cat":[15],"product_tag":[],"class_list":{"0":"post-8819","1":"product","2":"type-product","3":"status-publish","4":"has-post-thumbnail","6":"product_cat-genel","8":"first","9":"instock","10":"sale","11":"shipping-taxable","12":"purchasable","13":"product-type-simple"},"_links":{"self":[{"href":"https:\/\/kadirbas.com\/index.php\/wp-json\/wp\/v2\/product\/8819","targetHints":{"allow":["GET"]}}],"collection":[{"href":"https:\/\/kadirbas.com\/index.php\/wp-json\/wp\/v2\/product"}],"about":[{"href":"https:\/\/kadirbas.com\/index.php\/wp-json\/wp\/v2\/types\/product"}],"replies":[{"embeddable":true,"href":"https:\/\/kadirbas.com\/index.php\/wp-json\/wp\/v2\/comments?post=8819"}],"wp:featuredmedia":[{"embeddable":true,"href":"https:\/\/kadirbas.com\/index.php\/wp-json\/wp\/v2\/media\/8818"}],"wp:attachment":[{"href":"https:\/\/kadirbas.com\/index.php\/wp-json\/wp\/v2\/media?parent=8819"}],"wp:term":[{"taxonomy":"product_brand","embeddable":true,"href":"https:\/\/kadirbas.com\/index.php\/wp-json\/wp\/v2\/product_brand?post=8819"},{"taxonomy":"product_cat","embeddable":true,"href":"https:\/\/kadirbas.com\/index.php\/wp-json\/wp\/v2\/product_cat?post=8819"},{"taxonomy":"product_tag","embeddable":true,"href":"https:\/\/kadirbas.com\/index.php\/wp-json\/wp\/v2\/product_tag?post=8819"}],"curies":[{"name":"wp","href":"https:\/\/api.w.org\/{rel}","templated":true}]}}