{"id":8836,"date":"2026-03-14T12:57:23","date_gmt":"2026-03-14T09:57:23","guid":{"rendered":"https:\/\/kadirbas.com\/?post_type=product&#038;p=8836"},"modified":"2026-03-29T20:47:59","modified_gmt":"2026-03-29T17:47:59","slug":"honda-2016-2021-civic-fc5-full-led-far-cami-takim","status":"publish","type":"product","link":"https:\/\/kadirbas.com\/index.php\/urun\/honda-2016-2021-civic-fc5-full-led-far-cami-takim\/","title":{"rendered":"HONDA 2016 2021 C\u0130V\u0130C FC5 FULL LED FAR CAMI TAKIM"},"content":{"rendered":"<p>HONDA 2016 2021 C\u00c4\u00b0V\u00c4\u00b0C FC5 FULL LED FAR CAMI TAKIM<\/p>\n","protected":false},"excerpt":{"rendered":"<p>HONDA 2016 2021 C\u00c4\u00b0V\u00c4\u00b0C FC5 FULL LED FAR CAMI TAKIM<\/p>\n","protected":false},"featured_media":8837,"comment_status":"open","ping_status":"closed","template":"","meta":[],"product_brand":[],"product_cat":[15],"product_tag":[],"class_list":{"0":"post-8836","1":"product","2":"type-product","3":"status-publish","4":"has-post-thumbnail","6":"product_cat-genel","8":"first","9":"instock","10":"sale","11":"shipping-taxable","12":"purchasable","13":"product-type-simple"},"_links":{"self":[{"href":"https:\/\/kadirbas.com\/index.php\/wp-json\/wp\/v2\/product\/8836","targetHints":{"allow":["GET"]}}],"collection":[{"href":"https:\/\/kadirbas.com\/index.php\/wp-json\/wp\/v2\/product"}],"about":[{"href":"https:\/\/kadirbas.com\/index.php\/wp-json\/wp\/v2\/types\/product"}],"replies":[{"embeddable":true,"href":"https:\/\/kadirbas.com\/index.php\/wp-json\/wp\/v2\/comments?post=8836"}],"wp:featuredmedia":[{"embeddable":true,"href":"https:\/\/kadirbas.com\/index.php\/wp-json\/wp\/v2\/media\/8837"}],"wp:attachment":[{"href":"https:\/\/kadirbas.com\/index.php\/wp-json\/wp\/v2\/media?parent=8836"}],"wp:term":[{"taxonomy":"product_brand","embeddable":true,"href":"https:\/\/kadirbas.com\/index.php\/wp-json\/wp\/v2\/product_brand?post=8836"},{"taxonomy":"product_cat","embeddable":true,"href":"https:\/\/kadirbas.com\/index.php\/wp-json\/wp\/v2\/product_cat?post=8836"},{"taxonomy":"product_tag","embeddable":true,"href":"https:\/\/kadirbas.com\/index.php\/wp-json\/wp\/v2\/product_tag?post=8836"}],"curies":[{"name":"wp","href":"https:\/\/api.w.org\/{rel}","templated":true}]}}