{"id":8846,"date":"2026-03-14T12:59:29","date_gmt":"2026-03-14T09:59:29","guid":{"rendered":"https:\/\/kadirbas.com\/?post_type=product&#038;p=8846"},"modified":"2026-03-29T20:48:02","modified_gmt":"2026-03-29T17:48:02","slug":"honda-2012-2015-civic-fb7-far-cami-takim","status":"publish","type":"product","link":"https:\/\/kadirbas.com\/index.php\/urun\/honda-2012-2015-civic-fb7-far-cami-takim\/","title":{"rendered":"HONDA 2012 2015 C\u0130V\u0130C FB7 FAR CAMI TAKIM"},"content":{"rendered":"<p>HONDA 2012 2015 C\u00c4\u00b0V\u00c4\u00b0C FB7 FAR CAMI TAKIM<\/p>\n","protected":false},"excerpt":{"rendered":"<p>HONDA 2012 2015 C\u00c4\u00b0V\u00c4\u00b0C FB7 FAR CAMI TAKIM<\/p>\n","protected":false},"featured_media":8847,"comment_status":"open","ping_status":"closed","template":"","meta":[],"product_brand":[],"product_cat":[15],"product_tag":[],"class_list":{"0":"post-8846","1":"product","2":"type-product","3":"status-publish","4":"has-post-thumbnail","6":"product_cat-genel","8":"first","9":"instock","10":"sale","11":"shipping-taxable","12":"purchasable","13":"product-type-simple"},"_links":{"self":[{"href":"https:\/\/kadirbas.com\/index.php\/wp-json\/wp\/v2\/product\/8846","targetHints":{"allow":["GET"]}}],"collection":[{"href":"https:\/\/kadirbas.com\/index.php\/wp-json\/wp\/v2\/product"}],"about":[{"href":"https:\/\/kadirbas.com\/index.php\/wp-json\/wp\/v2\/types\/product"}],"replies":[{"embeddable":true,"href":"https:\/\/kadirbas.com\/index.php\/wp-json\/wp\/v2\/comments?post=8846"}],"wp:featuredmedia":[{"embeddable":true,"href":"https:\/\/kadirbas.com\/index.php\/wp-json\/wp\/v2\/media\/8847"}],"wp:attachment":[{"href":"https:\/\/kadirbas.com\/index.php\/wp-json\/wp\/v2\/media?parent=8846"}],"wp:term":[{"taxonomy":"product_brand","embeddable":true,"href":"https:\/\/kadirbas.com\/index.php\/wp-json\/wp\/v2\/product_brand?post=8846"},{"taxonomy":"product_cat","embeddable":true,"href":"https:\/\/kadirbas.com\/index.php\/wp-json\/wp\/v2\/product_cat?post=8846"},{"taxonomy":"product_tag","embeddable":true,"href":"https:\/\/kadirbas.com\/index.php\/wp-json\/wp\/v2\/product_tag?post=8846"}],"curies":[{"name":"wp","href":"https:\/\/api.w.org\/{rel}","templated":true}]}}