{"id":8883,"date":"2026-03-14T13:17:21","date_gmt":"2026-03-14T10:17:21","guid":{"rendered":"https:\/\/kadirbas.com\/?post_type=product&#038;p=8883"},"modified":"2026-03-29T20:48:13","modified_gmt":"2026-03-29T17:48:13","slug":"seat-2012-2016-ibiza-far-cami-sag-r","status":"publish","type":"product","link":"https:\/\/kadirbas.com\/index.php\/urun\/seat-2012-2016-ibiza-far-cami-sag-r\/","title":{"rendered":"SEAT 2012 2016 \u0130B\u0130ZA FAR CAMI SA\u011e &#8211; R"},"content":{"rendered":"<p>SEAT 2012 2016 \u00c4\u00b0B\u00c4\u00b0ZA FAR CAMI SA\u00c4\u009e &#8211; R<\/p>\n","protected":false},"excerpt":{"rendered":"<p>SEAT 2012 2016 \u00c4\u00b0B\u00c4\u00b0ZA FAR CAMI SA\u00c4\u009e &#8211; R<\/p>\n","protected":false},"featured_media":8884,"comment_status":"open","ping_status":"closed","template":"","meta":[],"product_brand":[],"product_cat":[15],"product_tag":[],"class_list":{"0":"post-8883","1":"product","2":"type-product","3":"status-publish","4":"has-post-thumbnail","6":"product_cat-genel","8":"first","9":"instock","10":"sale","11":"shipping-taxable","12":"purchasable","13":"product-type-simple"},"_links":{"self":[{"href":"https:\/\/kadirbas.com\/index.php\/wp-json\/wp\/v2\/product\/8883","targetHints":{"allow":["GET"]}}],"collection":[{"href":"https:\/\/kadirbas.com\/index.php\/wp-json\/wp\/v2\/product"}],"about":[{"href":"https:\/\/kadirbas.com\/index.php\/wp-json\/wp\/v2\/types\/product"}],"replies":[{"embeddable":true,"href":"https:\/\/kadirbas.com\/index.php\/wp-json\/wp\/v2\/comments?post=8883"}],"wp:featuredmedia":[{"embeddable":true,"href":"https:\/\/kadirbas.com\/index.php\/wp-json\/wp\/v2\/media\/8884"}],"wp:attachment":[{"href":"https:\/\/kadirbas.com\/index.php\/wp-json\/wp\/v2\/media?parent=8883"}],"wp:term":[{"taxonomy":"product_brand","embeddable":true,"href":"https:\/\/kadirbas.com\/index.php\/wp-json\/wp\/v2\/product_brand?post=8883"},{"taxonomy":"product_cat","embeddable":true,"href":"https:\/\/kadirbas.com\/index.php\/wp-json\/wp\/v2\/product_cat?post=8883"},{"taxonomy":"product_tag","embeddable":true,"href":"https:\/\/kadirbas.com\/index.php\/wp-json\/wp\/v2\/product_tag?post=8883"}],"curies":[{"name":"wp","href":"https:\/\/api.w.org\/{rel}","templated":true}]}}