{"id":8920,"date":"2026-03-14T13:28:25","date_gmt":"2026-03-14T10:28:25","guid":{"rendered":"https:\/\/kadirbas.com\/?post_type=product&#038;p=8920"},"modified":"2026-03-29T20:48:24","modified_gmt":"2026-03-29T17:48:24","slug":"audi-2009-2011-a6-ic-stop-cami-sag-r","status":"publish","type":"product","link":"https:\/\/kadirbas.com\/index.php\/urun\/audi-2009-2011-a6-ic-stop-cami-sag-r\/","title":{"rendered":"AUD\u0130 2009 2011 A6 \u0130\u00c7 STOP CAMI SA\u011e &#8211; R"},"content":{"rendered":"<p>AUD\u00c4\u00b0 2009 2011 A6 \u00c4\u00b0\u00c3\u0087 STOP CAMI SA\u00c4\u009e &#8211; R<\/p>\n","protected":false},"excerpt":{"rendered":"<p>AUD\u00c4\u00b0 2009 2011 A6 \u00c4\u00b0\u00c3\u0087 STOP CAMI SA\u00c4\u009e &#8211; R<\/p>\n","protected":false},"featured_media":8921,"comment_status":"open","ping_status":"closed","template":"","meta":[],"product_brand":[],"product_cat":[15],"product_tag":[],"class_list":{"0":"post-8920","1":"product","2":"type-product","3":"status-publish","4":"has-post-thumbnail","6":"product_cat-genel","8":"first","9":"instock","10":"sale","11":"shipping-taxable","12":"purchasable","13":"product-type-simple"},"_links":{"self":[{"href":"https:\/\/kadirbas.com\/index.php\/wp-json\/wp\/v2\/product\/8920","targetHints":{"allow":["GET"]}}],"collection":[{"href":"https:\/\/kadirbas.com\/index.php\/wp-json\/wp\/v2\/product"}],"about":[{"href":"https:\/\/kadirbas.com\/index.php\/wp-json\/wp\/v2\/types\/product"}],"replies":[{"embeddable":true,"href":"https:\/\/kadirbas.com\/index.php\/wp-json\/wp\/v2\/comments?post=8920"}],"wp:featuredmedia":[{"embeddable":true,"href":"https:\/\/kadirbas.com\/index.php\/wp-json\/wp\/v2\/media\/8921"}],"wp:attachment":[{"href":"https:\/\/kadirbas.com\/index.php\/wp-json\/wp\/v2\/media?parent=8920"}],"wp:term":[{"taxonomy":"product_brand","embeddable":true,"href":"https:\/\/kadirbas.com\/index.php\/wp-json\/wp\/v2\/product_brand?post=8920"},{"taxonomy":"product_cat","embeddable":true,"href":"https:\/\/kadirbas.com\/index.php\/wp-json\/wp\/v2\/product_cat?post=8920"},{"taxonomy":"product_tag","embeddable":true,"href":"https:\/\/kadirbas.com\/index.php\/wp-json\/wp\/v2\/product_tag?post=8920"}],"curies":[{"name":"wp","href":"https:\/\/api.w.org\/{rel}","templated":true}]}}