{"id":8924,"date":"2026-03-14T13:29:02","date_gmt":"2026-03-14T10:29:02","guid":{"rendered":"https:\/\/kadirbas.com\/?post_type=product&#038;p=8924"},"modified":"2026-03-29T20:48:25","modified_gmt":"2026-03-29T17:48:25","slug":"audi-2009-2011-a6-ic-stop-cami-sol-l","status":"publish","type":"product","link":"https:\/\/kadirbas.com\/index.php\/urun\/audi-2009-2011-a6-ic-stop-cami-sol-l\/","title":{"rendered":"AUD\u0130 2009 2011 A6 \u0130\u00c7 STOP CAMI SOL &#8211; L"},"content":{"rendered":"<p>AUD\u00c4\u00b0 2009 2011 A6 \u00c4\u00b0\u00c3\u0087 STOP CAMI SOL &#8211; L<\/p>\n","protected":false},"excerpt":{"rendered":"<p>AUD\u00c4\u00b0 2009 2011 A6 \u00c4\u00b0\u00c3\u0087 STOP CAMI SOL &#8211; L<\/p>\n","protected":false},"featured_media":8921,"comment_status":"open","ping_status":"closed","template":"","meta":[],"product_brand":[],"product_cat":[15],"product_tag":[],"class_list":{"0":"post-8924","1":"product","2":"type-product","3":"status-publish","4":"has-post-thumbnail","6":"product_cat-genel","8":"first","9":"instock","10":"sale","11":"shipping-taxable","12":"purchasable","13":"product-type-simple"},"_links":{"self":[{"href":"https:\/\/kadirbas.com\/index.php\/wp-json\/wp\/v2\/product\/8924","targetHints":{"allow":["GET"]}}],"collection":[{"href":"https:\/\/kadirbas.com\/index.php\/wp-json\/wp\/v2\/product"}],"about":[{"href":"https:\/\/kadirbas.com\/index.php\/wp-json\/wp\/v2\/types\/product"}],"replies":[{"embeddable":true,"href":"https:\/\/kadirbas.com\/index.php\/wp-json\/wp\/v2\/comments?post=8924"}],"wp:featuredmedia":[{"embeddable":true,"href":"https:\/\/kadirbas.com\/index.php\/wp-json\/wp\/v2\/media\/8921"}],"wp:attachment":[{"href":"https:\/\/kadirbas.com\/index.php\/wp-json\/wp\/v2\/media?parent=8924"}],"wp:term":[{"taxonomy":"product_brand","embeddable":true,"href":"https:\/\/kadirbas.com\/index.php\/wp-json\/wp\/v2\/product_brand?post=8924"},{"taxonomy":"product_cat","embeddable":true,"href":"https:\/\/kadirbas.com\/index.php\/wp-json\/wp\/v2\/product_cat?post=8924"},{"taxonomy":"product_tag","embeddable":true,"href":"https:\/\/kadirbas.com\/index.php\/wp-json\/wp\/v2\/product_tag?post=8924"}],"curies":[{"name":"wp","href":"https:\/\/api.w.org\/{rel}","templated":true}]}}