{"id":8943,"date":"2026-03-14T13:35:54","date_gmt":"2026-03-14T10:35:54","guid":{"rendered":"https:\/\/kadirbas.com\/?post_type=product&#038;p=8943"},"modified":"2026-03-29T20:48:31","modified_gmt":"2026-03-29T17:48:31","slug":"skoda-2020-2024-octavia-birebir-far-cami-sol-l","status":"publish","type":"product","link":"https:\/\/kadirbas.com\/index.php\/urun\/skoda-2020-2024-octavia-birebir-far-cami-sol-l\/","title":{"rendered":"SKODA 2020 &#8211; 2024 OCTAV\u0130A (B\u0130REB\u0130R) FAR CAMI SOL &#8211; L"},"content":{"rendered":"<p>SKODA 2020 &#8211; 2024 OCTAV\u00c4\u00b0A (B\u00c4\u00b0REB\u00c4\u00b0R) FAR CAMI SOL &#8211; L<\/p>\n","protected":false},"excerpt":{"rendered":"<p>SKODA 2020 &#8211; 2024 OCTAV\u00c4\u00b0A (B\u00c4\u00b0REB\u00c4\u00b0R) FAR CAMI SOL &#8211; L<\/p>\n","protected":false},"featured_media":8938,"comment_status":"open","ping_status":"closed","template":"","meta":[],"product_brand":[],"product_cat":[15],"product_tag":[],"class_list":{"0":"post-8943","1":"product","2":"type-product","3":"status-publish","4":"has-post-thumbnail","6":"product_cat-genel","8":"first","9":"instock","10":"sale","11":"shipping-taxable","12":"purchasable","13":"product-type-simple"},"_links":{"self":[{"href":"https:\/\/kadirbas.com\/index.php\/wp-json\/wp\/v2\/product\/8943","targetHints":{"allow":["GET"]}}],"collection":[{"href":"https:\/\/kadirbas.com\/index.php\/wp-json\/wp\/v2\/product"}],"about":[{"href":"https:\/\/kadirbas.com\/index.php\/wp-json\/wp\/v2\/types\/product"}],"replies":[{"embeddable":true,"href":"https:\/\/kadirbas.com\/index.php\/wp-json\/wp\/v2\/comments?post=8943"}],"wp:featuredmedia":[{"embeddable":true,"href":"https:\/\/kadirbas.com\/index.php\/wp-json\/wp\/v2\/media\/8938"}],"wp:attachment":[{"href":"https:\/\/kadirbas.com\/index.php\/wp-json\/wp\/v2\/media?parent=8943"}],"wp:term":[{"taxonomy":"product_brand","embeddable":true,"href":"https:\/\/kadirbas.com\/index.php\/wp-json\/wp\/v2\/product_brand?post=8943"},{"taxonomy":"product_cat","embeddable":true,"href":"https:\/\/kadirbas.com\/index.php\/wp-json\/wp\/v2\/product_cat?post=8943"},{"taxonomy":"product_tag","embeddable":true,"href":"https:\/\/kadirbas.com\/index.php\/wp-json\/wp\/v2\/product_tag?post=8943"}],"curies":[{"name":"wp","href":"https:\/\/api.w.org\/{rel}","templated":true}]}}