{"id":9017,"date":"2026-03-17T06:53:46","date_gmt":"2026-03-17T03:53:46","guid":{"rendered":"https:\/\/kadirbas.com\/?post_type=product&#038;p=9017"},"modified":"2026-03-29T20:48:49","modified_gmt":"2026-03-29T17:48:49","slug":"bmw-2015-2018-f20-lci-far-kasasi-sag-r","status":"publish","type":"product","link":"https:\/\/kadirbas.com\/index.php\/urun\/bmw-2015-2018-f20-lci-far-kasasi-sag-r\/","title":{"rendered":"BMW 2015 &#8211; 2018 F20 LC\u0130 FAR KASASI SA\u011e &#8211; R"},"content":{"rendered":"<p>BMW 2015 &#8211; 2018 F20 LC\u00c4\u00b0 FAR KASASI SA\u00c4\u009e &#8211; R<\/p>\n","protected":false},"excerpt":{"rendered":"<p>BMW 2015 &#8211; 2018 F20 LC\u00c4\u00b0 FAR KASASI SA\u00c4\u009e &#8211; R<\/p>\n","protected":false},"featured_media":8407,"comment_status":"open","ping_status":"closed","template":"","meta":[],"product_brand":[],"product_cat":[17],"product_tag":[],"class_list":{"0":"post-9017","1":"product","2":"type-product","3":"status-publish","4":"has-post-thumbnail","6":"product_cat-diger","8":"first","9":"instock","10":"sale","11":"shipping-taxable","12":"purchasable","13":"product-type-simple"},"_links":{"self":[{"href":"https:\/\/kadirbas.com\/index.php\/wp-json\/wp\/v2\/product\/9017","targetHints":{"allow":["GET"]}}],"collection":[{"href":"https:\/\/kadirbas.com\/index.php\/wp-json\/wp\/v2\/product"}],"about":[{"href":"https:\/\/kadirbas.com\/index.php\/wp-json\/wp\/v2\/types\/product"}],"replies":[{"embeddable":true,"href":"https:\/\/kadirbas.com\/index.php\/wp-json\/wp\/v2\/comments?post=9017"}],"wp:featuredmedia":[{"embeddable":true,"href":"https:\/\/kadirbas.com\/index.php\/wp-json\/wp\/v2\/media\/8407"}],"wp:attachment":[{"href":"https:\/\/kadirbas.com\/index.php\/wp-json\/wp\/v2\/media?parent=9017"}],"wp:term":[{"taxonomy":"product_brand","embeddable":true,"href":"https:\/\/kadirbas.com\/index.php\/wp-json\/wp\/v2\/product_brand?post=9017"},{"taxonomy":"product_cat","embeddable":true,"href":"https:\/\/kadirbas.com\/index.php\/wp-json\/wp\/v2\/product_cat?post=9017"},{"taxonomy":"product_tag","embeddable":true,"href":"https:\/\/kadirbas.com\/index.php\/wp-json\/wp\/v2\/product_tag?post=9017"}],"curies":[{"name":"wp","href":"https:\/\/api.w.org\/{rel}","templated":true}]}}