{"id":9019,"date":"2026-03-17T06:59:00","date_gmt":"2026-03-17T03:59:00","guid":{"rendered":"https:\/\/kadirbas.com\/?post_type=product&#038;p=9019"},"modified":"2026-03-29T20:48:50","modified_gmt":"2026-03-29T17:48:50","slug":"23-25-3-serisi-g20-lci-far-cami-takim","status":"publish","type":"product","link":"https:\/\/kadirbas.com\/index.php\/urun\/23-25-3-serisi-g20-lci-far-cami-takim\/","title":{"rendered":"23-25 3 SER\u0130S\u0130 G20 LC\u0130 FAR CAMI TAKIM"},"content":{"rendered":"<p>23-25 3 SER\u00c4\u00b0S\u00c4\u00b0 G20 LC\u00c4\u00b0 FAR CAMI TAKIM<\/p>\n","protected":false},"excerpt":{"rendered":"<p>23-25 3 SER\u00c4\u00b0S\u00c4\u00b0 G20 LC\u00c4\u00b0 FAR CAMI TAKIM<\/p>\n","protected":false},"featured_media":6605,"comment_status":"open","ping_status":"closed","template":"","meta":[],"product_brand":[],"product_cat":[17],"product_tag":[],"class_list":{"0":"post-9019","1":"product","2":"type-product","3":"status-publish","4":"has-post-thumbnail","6":"product_cat-diger","8":"first","9":"instock","10":"sale","11":"shipping-taxable","12":"purchasable","13":"product-type-simple"},"_links":{"self":[{"href":"https:\/\/kadirbas.com\/index.php\/wp-json\/wp\/v2\/product\/9019","targetHints":{"allow":["GET"]}}],"collection":[{"href":"https:\/\/kadirbas.com\/index.php\/wp-json\/wp\/v2\/product"}],"about":[{"href":"https:\/\/kadirbas.com\/index.php\/wp-json\/wp\/v2\/types\/product"}],"replies":[{"embeddable":true,"href":"https:\/\/kadirbas.com\/index.php\/wp-json\/wp\/v2\/comments?post=9019"}],"wp:featuredmedia":[{"embeddable":true,"href":"https:\/\/kadirbas.com\/index.php\/wp-json\/wp\/v2\/media\/6605"}],"wp:attachment":[{"href":"https:\/\/kadirbas.com\/index.php\/wp-json\/wp\/v2\/media?parent=9019"}],"wp:term":[{"taxonomy":"product_brand","embeddable":true,"href":"https:\/\/kadirbas.com\/index.php\/wp-json\/wp\/v2\/product_brand?post=9019"},{"taxonomy":"product_cat","embeddable":true,"href":"https:\/\/kadirbas.com\/index.php\/wp-json\/wp\/v2\/product_cat?post=9019"},{"taxonomy":"product_tag","embeddable":true,"href":"https:\/\/kadirbas.com\/index.php\/wp-json\/wp\/v2\/product_tag?post=9019"}],"curies":[{"name":"wp","href":"https:\/\/api.w.org\/{rel}","templated":true}]}}