{"id":9058,"date":"2026-03-17T11:08:35","date_gmt":"2026-03-17T08:08:35","guid":{"rendered":"https:\/\/kadirbas.com\/?post_type=product&#038;p=9058"},"modified":"2026-03-29T20:49:04","modified_gmt":"2026-03-29T17:49:04","slug":"mercedes-12-15-a-serisi-w176-zenon-far-kasasi-sol-l","status":"publish","type":"product","link":"https:\/\/kadirbas.com\/index.php\/urun\/mercedes-12-15-a-serisi-w176-zenon-far-kasasi-sol-l\/","title":{"rendered":"MERCEDES 12-15 A SER\u0130S\u0130-W176 ZENON FAR KASASI SOL-L"},"content":{"rendered":"<p>MERCEDES 12-15 A SER\u00c4\u00b0S\u00c4\u00b0-W176 ZENON FAR KASASI SOL-L<\/p>\n","protected":false},"excerpt":{"rendered":"<p>MERCEDES 12-15 A SER\u00c4\u00b0S\u00c4\u00b0-W176 ZENON FAR KASASI SOL-L<\/p>\n","protected":false},"featured_media":9057,"comment_status":"open","ping_status":"closed","template":"","meta":[],"product_brand":[],"product_cat":[17],"product_tag":[],"class_list":{"0":"post-9058","1":"product","2":"type-product","3":"status-publish","4":"has-post-thumbnail","6":"product_cat-diger","8":"first","9":"instock","10":"sale","11":"shipping-taxable","12":"purchasable","13":"product-type-simple"},"_links":{"self":[{"href":"https:\/\/kadirbas.com\/index.php\/wp-json\/wp\/v2\/product\/9058","targetHints":{"allow":["GET"]}}],"collection":[{"href":"https:\/\/kadirbas.com\/index.php\/wp-json\/wp\/v2\/product"}],"about":[{"href":"https:\/\/kadirbas.com\/index.php\/wp-json\/wp\/v2\/types\/product"}],"replies":[{"embeddable":true,"href":"https:\/\/kadirbas.com\/index.php\/wp-json\/wp\/v2\/comments?post=9058"}],"wp:featuredmedia":[{"embeddable":true,"href":"https:\/\/kadirbas.com\/index.php\/wp-json\/wp\/v2\/media\/9057"}],"wp:attachment":[{"href":"https:\/\/kadirbas.com\/index.php\/wp-json\/wp\/v2\/media?parent=9058"}],"wp:term":[{"taxonomy":"product_brand","embeddable":true,"href":"https:\/\/kadirbas.com\/index.php\/wp-json\/wp\/v2\/product_brand?post=9058"},{"taxonomy":"product_cat","embeddable":true,"href":"https:\/\/kadirbas.com\/index.php\/wp-json\/wp\/v2\/product_cat?post=9058"},{"taxonomy":"product_tag","embeddable":true,"href":"https:\/\/kadirbas.com\/index.php\/wp-json\/wp\/v2\/product_tag?post=9058"}],"curies":[{"name":"wp","href":"https:\/\/api.w.org\/{rel}","templated":true}]}}