{"id":9091,"date":"2026-03-17T14:35:38","date_gmt":"2026-03-17T11:35:38","guid":{"rendered":"https:\/\/kadirbas.com\/?post_type=product&#038;p=9091"},"modified":"2026-03-29T20:49:16","modified_gmt":"2026-03-29T17:49:16","slug":"mercedes-16-19-e-serisi-w213-far-kasasi-sol-l","status":"publish","type":"product","link":"https:\/\/kadirbas.com\/index.php\/urun\/mercedes-16-19-e-serisi-w213-far-kasasi-sol-l\/","title":{"rendered":"MERCEDES 16-19 E SER\u0130S\u0130 W213 FAR KASASI SOL-L"},"content":{"rendered":"<p>MERCEDES 16-19 E SER\u00c4\u00b0S\u00c4\u00b0 W213 FAR KASASI SOL-L<\/p>\n","protected":false},"excerpt":{"rendered":"<p>MERCEDES 16-19 E SER\u00c4\u00b0S\u00c4\u00b0 W213 FAR KASASI SOL-L<\/p>\n","protected":false},"featured_media":4482,"comment_status":"open","ping_status":"closed","template":"","meta":[],"product_brand":[],"product_cat":[17],"product_tag":[],"class_list":{"0":"post-9091","1":"product","2":"type-product","3":"status-publish","4":"has-post-thumbnail","6":"product_cat-diger","8":"first","9":"instock","10":"sale","11":"shipping-taxable","12":"purchasable","13":"product-type-simple"},"_links":{"self":[{"href":"https:\/\/kadirbas.com\/index.php\/wp-json\/wp\/v2\/product\/9091","targetHints":{"allow":["GET"]}}],"collection":[{"href":"https:\/\/kadirbas.com\/index.php\/wp-json\/wp\/v2\/product"}],"about":[{"href":"https:\/\/kadirbas.com\/index.php\/wp-json\/wp\/v2\/types\/product"}],"replies":[{"embeddable":true,"href":"https:\/\/kadirbas.com\/index.php\/wp-json\/wp\/v2\/comments?post=9091"}],"wp:featuredmedia":[{"embeddable":true,"href":"https:\/\/kadirbas.com\/index.php\/wp-json\/wp\/v2\/media\/4482"}],"wp:attachment":[{"href":"https:\/\/kadirbas.com\/index.php\/wp-json\/wp\/v2\/media?parent=9091"}],"wp:term":[{"taxonomy":"product_brand","embeddable":true,"href":"https:\/\/kadirbas.com\/index.php\/wp-json\/wp\/v2\/product_brand?post=9091"},{"taxonomy":"product_cat","embeddable":true,"href":"https:\/\/kadirbas.com\/index.php\/wp-json\/wp\/v2\/product_cat?post=9091"},{"taxonomy":"product_tag","embeddable":true,"href":"https:\/\/kadirbas.com\/index.php\/wp-json\/wp\/v2\/product_tag?post=9091"}],"curies":[{"name":"wp","href":"https:\/\/api.w.org\/{rel}","templated":true}]}}