{"id":9164,"date":"2026-03-18T10:03:14","date_gmt":"2026-03-18T07:03:14","guid":{"rendered":"https:\/\/kadirbas.com\/?post_type=product&#038;p=9164"},"modified":"2026-03-29T20:49:31","modified_gmt":"2026-03-29T17:49:31","slug":"bmw-f32-lci-adaptif-far-kasasi-takim","status":"publish","type":"product","link":"https:\/\/kadirbas.com\/index.php\/urun\/bmw-f32-lci-adaptif-far-kasasi-takim\/","title":{"rendered":"BMW F32 LC\u0130 ADAPT\u0130F FAR KASASI TAKIM"},"content":{"rendered":"<p>BMW F32 LC\u00c4\u00b0 ADAPT\u00c4\u00b0F FAR KASASI TAKIM<\/p>\n","protected":false},"excerpt":{"rendered":"<p>BMW F32 LC\u00c4\u00b0 ADAPT\u00c4\u00b0F FAR KASASI TAKIM<\/p>\n","protected":false},"featured_media":9162,"comment_status":"open","ping_status":"closed","template":"","meta":[],"product_brand":[],"product_cat":[17],"product_tag":[],"class_list":{"0":"post-9164","1":"product","2":"type-product","3":"status-publish","4":"has-post-thumbnail","6":"product_cat-diger","8":"first","9":"instock","10":"sale","11":"shipping-taxable","12":"purchasable","13":"product-type-simple"},"_links":{"self":[{"href":"https:\/\/kadirbas.com\/index.php\/wp-json\/wp\/v2\/product\/9164","targetHints":{"allow":["GET"]}}],"collection":[{"href":"https:\/\/kadirbas.com\/index.php\/wp-json\/wp\/v2\/product"}],"about":[{"href":"https:\/\/kadirbas.com\/index.php\/wp-json\/wp\/v2\/types\/product"}],"replies":[{"embeddable":true,"href":"https:\/\/kadirbas.com\/index.php\/wp-json\/wp\/v2\/comments?post=9164"}],"wp:featuredmedia":[{"embeddable":true,"href":"https:\/\/kadirbas.com\/index.php\/wp-json\/wp\/v2\/media\/9162"}],"wp:attachment":[{"href":"https:\/\/kadirbas.com\/index.php\/wp-json\/wp\/v2\/media?parent=9164"}],"wp:term":[{"taxonomy":"product_brand","embeddable":true,"href":"https:\/\/kadirbas.com\/index.php\/wp-json\/wp\/v2\/product_brand?post=9164"},{"taxonomy":"product_cat","embeddable":true,"href":"https:\/\/kadirbas.com\/index.php\/wp-json\/wp\/v2\/product_cat?post=9164"},{"taxonomy":"product_tag","embeddable":true,"href":"https:\/\/kadirbas.com\/index.php\/wp-json\/wp\/v2\/product_tag?post=9164"}],"curies":[{"name":"wp","href":"https:\/\/api.w.org\/{rel}","templated":true}]}}